{"id":17291,"date":"2025-07-22T13:20:59","date_gmt":"2025-07-22T10:20:59","guid":{"rendered":"https:\/\/via3l.eu\/?page_id=17291"},"modified":"2025-07-23T11:40:57","modified_gmt":"2025-07-23T08:40:57","slug":"pakalpojuma-kvalitate","status":"publish","type":"page","link":"https:\/\/via3l.eu\/lv\/pakalpojuma-kvalitate\/","title":{"rendered":"Pakalpojuma kvalit\u0101te"},"content":{"rendered":"<div class=\"wpb-content-wrapper\"><p>[vc_row][vc_column offset=&#8221;vc_hidden-xs&#8221;][vc_custom_heading text=&#8221;Pieg\u0101de laik\u0101 un piln\u0101 apjom\u0101&#8221; font_container=&#8221;tag:h1|text_align:left&#8221; use_theme_fonts=&#8221;yes&#8221; css=&#8221;&#8221;][vc_column_text css=&#8221;&#8221;]OTIF (On Time In Full) nor\u0101da, <b>cik liela da\u013ca no vis\u0101m sa\u0146emtaj\u0101m pas\u016bt\u012bjumu rind\u0101m tiek pieg\u0101d\u0101ta klientam laik\u0101 un pareizi<\/b>. M\u016bsu noteiktais <b>minim\u0101lais OTIF m\u0113r\u0137is ir 98%<\/b>, kas noz\u012bm\u0113, ka no katr\u0101m simts pas\u016bt\u012bjumu rind\u0101m vismaz 98 tiek pieg\u0101d\u0101tas laik\u0101 un piln\u0101 apjom\u0101.<\/p>\n<p>Via 3L izmanto <b>modernu un sare\u017e\u0123\u012btu pretenziju apstr\u0101des r\u012bku<\/b>, kas nodro\u0161ina <b>piln\u012bgu caurskat\u0101m\u012bbu un uzticam\u012bbu m\u016bsu kvalit\u0101tes r\u0101d\u012bt\u0101jos<\/b>. Ar past\u0101v\u012bg\u0101m kvalit\u0101tes m\u0113r\u012b\u0161anas un uzraudz\u012bbas proced\u016br\u0101m m\u0113s varam <b>nep\u0101rtraukti atrast jaunus veidus, k\u0101 v\u0113l vair\u0101k uzlabot m\u016bsu kvalit\u0101ti<\/b>.[\/vc_column_text]\n\t\t\t\t<p class=\"rs-p-wp-fix\"><\/p>\n\t\t\t\t<sr7-module data-alias=\"otif-data\" data-id=\"99\" id=\"SR7_99_1\" class=\"rs-ov-hidden\" data-version=\"6.7.34\">\n\t\t\t\t\t<sr7-adjuster><\/sr7-adjuster>\n\t\t\t\t\t<sr7-content>\n\t\t\t\t\t\t<sr7-slide id=\"SR7_99_1-248\" data-key=\"248\">\n\t\t\t\t\t\t\t<sr7-txt id=\"SR7_99_1-248-0\" class=\"sr7-layer\"><iframe width=\"100%\" height=\"100%\" seamless frameborder=\"0\" scrolling=\"no\" src=\"https:\/\/docs.google.com\/spreadsheets\/d\/e\/2PACX-1vSuswZYPc_99RxKTBc2dQWzNxx3hfMHdjSgm4-Ww6acdYgM4nGkz0Kvz-LueuF_66Gb5JFYMf6bc6GC\/pubchart?oid=1918004534&format=interactive\"><\/iframe><\/sr7-txt>\n\t\t\t\t\t\t<\/sr7-slide>\n\t\t\t\t\t\t<sr7-slide id=\"SR7_99_1-249\" data-key=\"249\">\n\t\t\t\t\t\t<\/sr7-slide>\n\t\t\t\t\t<\/sr7-content>\n\t\t\t\t<\/sr7-module>\n\t\t\t\t<script>\n\t\t\t\t\tSR7.PMH ??={}; SR7.PMH[\"SR7_99_1\"] = {cn:100,state:false,fn: function() { if (_tpt!==undefined && _tpt.prepareModuleHeight !== undefined) {  _tpt.prepareModuleHeight({id:\"SR7_99_1\",el:[500,500,768,960,300],type:'hero',shdw:'0',gh:[500,500,427,324,200],gw:[1200,1200,1024,778,480],vpt:['-100px'],size:{fullWidth:true, fullHeight:false},mh:'0',onh:0,onw:0,bg:{color:'{\"orig\":\"transparent\",\"type\":\"solid\",\"string\":\"transparent\"}'}});   SR7.PMH[\"SR7_99_1\"].state=true;} else if(SR7.PMH[\"SR7_99_1\"].cn-->0)\tsetTimeout( SR7.PMH[\"SR7_99_1\"].fn,19);}};SR7.PMH[\"SR7_99_1\" ].fn();\n\t\t\t\t<\/script>\n[vc_empty_space][\/vc_column][\/vc_row][vc_row][vc_column offset=&#8221;vc_hidden-lg vc_hidden-md vc_hidden-sm&#8221;][vc_custom_heading text=&#8221;Pieg\u0101de laik\u0101 un piln\u0101 apjom\u0101&#8221; font_container=&#8221;tag:h1|text_align:left&#8221; use_theme_fonts=&#8221;yes&#8221; css=&#8221;&#8221;][vc_column_text css=&#8221;&#8221;]OTIF (On Time In Full) nor\u0101da, <b>cik liela da\u013ca no vis\u0101m sa\u0146emtaj\u0101m pas\u016bt\u012bjumu rind\u0101m tiek pieg\u0101d\u0101ta klientam laik\u0101 un pareizi<\/b>. M\u016bsu noteiktais <b>minim\u0101lais OTIF m\u0113r\u0137is ir 98%<\/b>, kas noz\u012bm\u0113, ka no katr\u0101m simts pas\u016bt\u012bjumu rind\u0101m vismaz 98 tiek pieg\u0101d\u0101tas laik\u0101 un piln\u0101 apjom\u0101.<\/p>\n<p>Via 3L izmanto <b>modernu un sare\u017e\u0123\u012btu pretenziju apstr\u0101des r\u012bku<\/b>, kas nodro\u0161ina <b>piln\u012bgu caurskat\u0101m\u012bbu un uzticam\u012bbu m\u016bsu kvalit\u0101tes r\u0101d\u012bt\u0101jos<\/b>. Ar past\u0101v\u012bg\u0101m kvalit\u0101tes m\u0113r\u012b\u0161anas un uzraudz\u012bbas proced\u016br\u0101m m\u0113s varam <b>nep\u0101rtraukti atrast jaunus veidus, k\u0101 v\u0113l vair\u0101k uzlabot m\u016bsu kvalit\u0101ti<\/b>.[\/vc_column_text]\n\t\t\t\t<p class=\"rs-p-wp-fix\"><\/p>\n\t\t\t\t<sr7-module data-alias=\"otif-data-desktop-1\" data-id=\"101\" id=\"SR7_101_2\" class=\"rs-ov-hidden\" data-version=\"6.7.34\">\n\t\t\t\t\t<sr7-adjuster><\/sr7-adjuster>\n\t\t\t\t\t<sr7-content>\n\t\t\t\t\t\t<sr7-slide id=\"SR7_101_2-252\" data-key=\"252\">\n\t\t\t\t\t\t\t<sr7-txt id=\"SR7_101_2-252-0\" class=\"sr7-layer\"><iframe width=\"480\" height=\"500\" seamless frameborder=\"0\" scrolling=\"no\" src=\"https:\/\/docs.google.com\/spreadsheets\/d\/e\/2PACX-1vSuswZYPc_99RxKTBc2dQWzNxx3hfMHdjSgm4-Ww6acdYgM4nGkz0Kvz-LueuF_66Gb5JFYMf6bc6GC\/pubchart?oid=1918004534&amp;format=interactive\"><\/iframe><\/sr7-txt>\n\t\t\t\t\t\t<\/sr7-slide>\n\t\t\t\t\t\t<sr7-slide id=\"SR7_101_2-253\" data-key=\"253\">\n\t\t\t\t\t\t<\/sr7-slide>\n\t\t\t\t\t<\/sr7-content>\n\t\t\t\t<\/sr7-module>\n\t\t\t\t<script>\n\t\t\t\t\tSR7.PMH ??={}; SR7.PMH[\"SR7_101_2\"] = {cn:100,state:false,fn: function() { if (_tpt!==undefined && _tpt.prepareModuleHeight !== undefined) {  _tpt.prepareModuleHeight({id:\"SR7_101_2\",el:[500,500,768,960,500],type:'hero',shdw:'0',gh:[500,500,500,500,500],gw:[480,480,480,480,480],vpt:['-100px'],size:{fullWidth:false, fullHeight:false},mh:'0',onh:0,onw:0,bg:{color:'{\"orig\":\"transparent\",\"type\":\"solid\",\"string\":\"transparent\"}'}});   SR7.PMH[\"SR7_101_2\"].state=true;} else if(SR7.PMH[\"SR7_101_2\"].cn-->0)\tsetTimeout( SR7.PMH[\"SR7_101_2\"].fn,19);}};SR7.PMH[\"SR7_101_2\" ].fn();\n\t\t\t\t<\/script>\n[vc_empty_space][\/vc_column][\/vc_row][vc_row][vc_column][vc_column_text css=&#8221;&#8221;]Visiem Via 3L klientiem un partneriem ir pieeja m\u016bsu kvalit\u0101tes KPI, izmantojot m\u016bsu Power BI vidi.[\/vc_column_text][\/vc_column][\/vc_row][vc_row][vc_column]\n\t\t\t\t<p class=\"rs-p-wp-fix\"><\/p>\n\t\t\t\t<sr7-module data-alias=\"iso-slider-latvia\" data-id=\"100\" id=\"SR7_100_3\" class=\"rs-ov-hidden\" data-version=\"6.7.34\">\n\t\t\t\t\t<sr7-adjuster><\/sr7-adjuster>\n\t\t\t\t\t<sr7-content>\n\t\t\t\t\t\t<sr7-slide id=\"SR7_100_3-250\" data-key=\"250\">\n\t\t\t\t\t\t<\/sr7-slide>\n\t\t\t\t\t\t<sr7-slide id=\"SR7_100_3-251\" data-key=\"251\">\n\t\t\t\t\t\t<\/sr7-slide>\n\t\t\t\t\t<\/sr7-content>\n\t\t\t\t\t<image_lists style=\"display:none\">\n\t\t\t\t\t\t<img decoding=async data-opt-id=1296753779  fetchpriority=\"high\" data-src=\"https:\/\/mlpeimtmgped.i.optimole.com\/w:auto\/h:auto\/q:mauto\/ig:avif\/https:\/\/via3l.eu\/wp-content\/uploads\/2025\/12\/Iso_withoutQR-ISO-14001.png\" data-libid=\"17698\" data-lib=\"medialibrary\" alt=\"Iso without QR 14001\" title=\"Iso without QR 14001\" width=\"0\" height=\"0\" data-dbsrc=\"Ly92aWEzbC5ldS93cC1jb250ZW50L3VwbG9hZHMvMjAyNS8xMi9Jc29fd2l0aG91dFFSLUlTTy0xNDAwMS5wbmc=\"\/>\n\t\t\t\t\t\t<img decoding=async data-opt-id=2081606070  fetchpriority=\"high\" data-src=\"https:\/\/mlpeimtmgped.i.optimole.com\/w:auto\/h:auto\/q:mauto\/ig:avif\/https:\/\/via3l.eu\/wp-content\/uploads\/2026\/02\/ISO_withoutQR-ISO-9001.png\" data-libid=\"17873\" data-lib=\"medialibrary\" alt=\"ISO Via 3L 9001\" title=\"ISO Via 3L 9001\" width=\"0\" height=\"0\" data-dbsrc=\"Ly92aWEzbC5ldS93cC1jb250ZW50L3VwbG9hZHMvMjAyNi8wMi9JU09fd2l0aG91dFFSLUlTTy05MDAxLnBuZw==\"\/>\n\t\t\t\t\t<\/image_lists>\n\t\t\t\t<\/sr7-module>\n\t\t\t\t<script>\n\t\t\t\t\tSR7.PMH ??={}; SR7.PMH[\"SR7_100_3\"] = {cn:100,state:false,fn: function() { if (_tpt!==undefined && _tpt.prepareModuleHeight !== undefined) {  _tpt.prepareModuleHeight({id:\"SR7_100_3\",el:[150,150,150,150,300],type:'standard',shdw:'0',gh:[150,150,150,150,300],gw:[1240,1240,1240,1240,480],vpt:['-200px&#039;,&#039;-200px&#039;,&#039;-200px&#039;,&#039;-200px&#039;,&#039;-200px'],size:{fullWidth:false, fullHeight:false},mh:'0',onh:0,onw:0,bg:{color:'{\"orig\":\"transparent\",\"type\":\"solid\",\"string\":\"transparent\"}'}});   SR7.PMH[\"SR7_100_3\"].state=true;} else if(SR7.PMH[\"SR7_100_3\"].cn-->0)\tsetTimeout( SR7.PMH[\"SR7_100_3\"].fn,19);}};SR7.PMH[\"SR7_100_3\" ].fn();\n\t\t\t\t<\/script>\n[\/vc_column][\/vc_row]<\/p>\n<\/div>","protected":false},"excerpt":{"rendered":"<p>[vc_row][vc_column offset=&#8221;vc_hidden-xs&#8221;][vc_custom_heading text=&#8221;Pieg\u0101de laik\u0101 un piln\u0101 apjom\u0101&#8221; font_container=&#8221;tag:h1|text_align:left&#8221; use_theme_fonts=&#8221;yes&#8221; css=&#8221;&#8221;][vc_column_text css=&#8221;&#8221;]OTIF (On Time In Full) nor\u0101da, cik liela da\u013ca no vis\u0101m sa\u0146emtaj\u0101m pas\u016bt\u012bjumu rind\u0101m tiek pieg\u0101d\u0101ta klientam laik\u0101 un pareizi. M\u016bsu noteiktais minim\u0101lais&#8230;<\/p>\n","protected":false},"author":2,"featured_media":16410,"parent":0,"menu_order":0,"comment_status":"closed","ping_status":"closed","template":"","meta":{"footnotes":""},"class_list":["post-17291","page","type-page","status-publish","has-post-thumbnail","hentry"],"_links":{"self":[{"href":"https:\/\/via3l.eu\/lv\/wp-json\/wp\/v2\/pages\/17291","targetHints":{"allow":["GET"]}}],"collection":[{"href":"https:\/\/via3l.eu\/lv\/wp-json\/wp\/v2\/pages"}],"about":[{"href":"https:\/\/via3l.eu\/lv\/wp-json\/wp\/v2\/types\/page"}],"author":[{"embeddable":true,"href":"https:\/\/via3l.eu\/lv\/wp-json\/wp\/v2\/users\/2"}],"replies":[{"embeddable":true,"href":"https:\/\/via3l.eu\/lv\/wp-json\/wp\/v2\/comments?post=17291"}],"version-history":[{"count":0,"href":"https:\/\/via3l.eu\/lv\/wp-json\/wp\/v2\/pages\/17291\/revisions"}],"wp:featuredmedia":[{"embeddable":true,"href":"https:\/\/via3l.eu\/lv\/wp-json\/wp\/v2\/media\/16410"}],"wp:attachment":[{"href":"https:\/\/via3l.eu\/lv\/wp-json\/wp\/v2\/media?parent=17291"}],"curies":[{"name":"wp","href":"https:\/\/api.w.org\/{rel}","templated":true}]}}