{"id":3656,"date":"2019-08-22T14:00:15","date_gmt":"2019-08-22T12:00:15","guid":{"rendered":"https:\/\/via3l.eu\/logistikas-pakalpojumi\/"},"modified":"2026-02-13T16:11:30","modified_gmt":"2026-02-13T14:11:30","slug":"logistikas-pakalpojumi","status":"publish","type":"page","link":"https:\/\/via3l.eu\/lv\/logistikas-pakalpojumi\/","title":{"rendered":"Lo\u0123istikas pakalpojumi"},"content":{"rendered":"<div class=\"wpb-content-wrapper\"><p>[vc_row][vc_column][vc_custom_heading text=&#8221;3PL LO\u0122ISTIKA&#8221; use_theme_fonts=&#8221;yes&#8221; css=&#8221;&#8221;][\/vc_column][\/vc_row][vc_row][vc_column][vc_custom_heading text=&#8221;NO RA\u017dOT\u0100JA L\u012aDZ PAT\u0112R\u0112T\u0100JAM&#8221; use_theme_fonts=&#8221;yes&#8221; css=&#8221;&#8221;][vc_column_text css=&#8221;&#8221;]Via 3L jau vair\u0101k nek\u0101 divus gadu desmitus apkalpo vado\u0161os starptautiskos ra\u017eot\u0101jus no da\u017e\u0101d\u0101m nozar\u0113m. Daudzi p\u0101rtikas un pat\u0113ri\u0146a pre\u010du ra\u017eot\u0101ji, vairumtirdzniec\u012bbas uz\u0146\u0113mumi un mazumtirgot\u0101ji Baltijas tirg\u016b savus lo\u0123istikas pakalpojumus ir uztic\u0113ju\u0161i m\u016bsu uztic\u012bg\u0101m rok\u0101m. Kop\u0101 ar saviem darbiniekiem un ilgtermi\u0146a klientiem esam izaugu\u0161i par vado\u0161o sp\u0113l\u0113t\u0101ju, nep\u0101rtraukti pilnveidojot procesus, lai tiktu gal\u0101 ar pras\u012bgo biznesa vidi. <strong>M\u0113r\u0137tiec\u012bgas invest\u012bcijas tehnolo\u0123ij\u0101s, iek\u0101rt\u0101s un m\u016bsu cilv\u0113kos<\/strong> veido stabilu pamatu, lai pied\u0101v\u0101tu pilna m\u0113roga lo\u0123istikas risin\u0101jumus.<\/p>\n<h2>VISS, KAS JUMS NEPIECIE\u0160AMS!<\/h2>\n<p><a href=\"https:\/\/via3l.eu\/lv\/labelling-value-added-services\/\"><strong>Uzglab\u0101\u0161ana<\/strong> <\/a>un pas\u016bt\u012bjumu <a href=\"https:\/\/via3l.eu\/lv\/noliktavu-pakalpojumi\/\"><strong>komplekt\u0113\u0161ana<\/strong><\/a>, pas\u016bt\u012bjumu <a href=\"https:\/\/via3l.eu\/lv\/transporta-pakalpojumi-un-piegades\/\"><strong>pieg\u0101des<\/strong> <\/a>Via 3L Latvia mar\u0161rutos, <a href=\"https:\/\/via3l.eu\/lv\/transporta-pakalpojumi-un-piegades\/\"><strong><em>cross-dock<\/em><\/strong><\/a> pas\u016bt\u012bjumu kosolid\u0101cija Via 3L mar\u0161rutos, <a href=\"https:\/\/via3l.eu\/lv\/akcizes-noliktavas-pakalpojumi\/\"><strong>akc\u012bzes<\/strong> <\/a>noliktavas pakalpojumi &#8211; anot\u0101ciju un akc\u012bzes marku <a href=\"https:\/\/via3l.eu\/lv\/labelling-value-added-services\/\"><strong>apl\u012bm\u0113\u0161ana<\/strong><\/a>, <strong>eAD<\/strong> sagatavo\u0161ana un akc\u012bzes pre\u010du un marku stingra uzskaite, k\u0101 ar\u012b <a href=\"https:\/\/via3l.eu\/lv\/akcizes-noliktavas-pakalpojumi\/\"><strong>muitas<\/strong> <\/a>pakalpojumi.[\/vc_column_text][\/vc_column][\/vc_row][vc_row][vc_column][vc_empty_space][\/vc_column][\/vc_row][vc_row][vc_column width=&#8221;1\/2&#8243;][vc_column_text css=&#8221;&#8221;]<\/p>\n<h3 style=\"text-align: center;\"><strong>30000<\/strong><\/h3>\n<h3 style=\"text-align: center;\">PAS\u016aT\u012aJUMU M\u0112NES\u012a<\/h3>\n<p>[\/vc_column_text][\/vc_column][vc_column width=&#8221;1\/2&#8243;][vc_column_text css=&#8221;&#8221;]<\/p>\n<h3 style=\"text-align: center;\"><strong>300000<\/strong><\/h3>\n<h3 style=\"text-align: center;\">ATLAS\u012aT\u0100S L\u012aNIJAS M\u0112NES\u012a<\/h3>\n<p>[\/vc_column_text][\/vc_column][\/vc_row][vc_row][vc_column][vc_empty_space][\/vc_column][\/vc_row][vc_row][vc_column][vc_column_text css=&#8221;&#8221;]Ac\u012bmredzam\u0101kais l\u012bguma lo\u0123istikas ieguvums uz\u0146\u0113mumam ir izmaksu ietaup\u012bjumi, jo \u012bpa\u0161i nov\u0113r\u0161ot nepiecie\u0161am\u012bbu izveidot un uztur\u0113t d\u0101rgu lo\u0123istikas infrastrukt\u016bru. Nododot darbu \u0101rpakalpojumu sniedz\u0113jam, uz\u0146\u0113mums var izvair\u012bties no izmaks\u0101m, kas saist\u012btas ar nos\u016bt\u012b\u0161anas iek\u0101rt\u0101m, kravas automa\u0161\u012bn\u0101m, iepakojuma materi\u0101liem utt., k\u0101 ar\u012b no person\u0101la, kas veic darbu. Tas ar\u012b \u013cauj uz\u0146\u0113mumam vair\u0101k uzman\u012bbas piev\u0113rst t\u0101 pamatdarb\u012bbai. M\u016bsu galvenais m\u0113r\u0137is ir nodro\u0161in\u0101t pan\u0101kumus m\u016bsu klientiem.[\/vc_column_text][\/vc_column][\/vc_row][vc_row][vc_column][vc_empty_space][\/vc_column][\/vc_row][vc_row content_placement=&#8221;middle&#8221;][vc_column][vc_btn title=&#8221;Piepras\u012bt cenu&#8221; color=&#8221;green&#8221; size=&#8221;lg&#8221; align=&#8221;center&#8221; i_icon_fontawesome=&#8221;stm-arrow-next&#8221; css=&#8221;&#8221; add_icon=&#8221;true&#8221; link=&#8221;url:https%3A%2F%2Fvia3l.eu%2Flv%2Fpieprasit-cenu%2F|title:Aizpildi%20pieteikumu&#8221;][\/vc_column][\/vc_row][vc_row][vc_column][vc_empty_space][\/vc_column][\/vc_row][vc_row][vc_column][vc_column_text][\/vc_column_text]\n\t\t\t\t<p class=\"rs-p-wp-fix\"><\/p>\n\t\t\t\t<sr7-module data-alias=\"3-pl-services\" data-id=\"62\" id=\"SR7_62_1\" class=\"rs-ov-hidden\" data-version=\"6.7.34\">\n\t\t\t\t\t<sr7-adjuster><\/sr7-adjuster>\n\t\t\t\t\t<sr7-content>\n\t\t\t\t\t\t<sr7-slide id=\"SR7_62_1-103\" data-key=\"103\">\n\t\t\t\t\t\t<\/sr7-slide>\n\t\t\t\t\t\t<sr7-slide id=\"SR7_62_1-201\" data-key=\"201\">\n\t\t\t\t\t\t<\/sr7-slide>\n\t\t\t\t\t<\/sr7-content>\n\t\t\t\t\t<image_lists style=\"display:none\">\n\t\t\t\t\t\t<img decoding=async data-opt-id=1104839760  fetchpriority=\"high\" data-src=\"https:\/\/mlpeimtmgped.i.optimole.com\/w:auto\/h:auto\/q:mauto\/ig:avif\/https:\/\/via3l.eu\/wp-content\/uploads\/2023\/06\/kaupokalda-com-DJI_20230612141231_0285_Freight_via3l-scaled.jpg\" data-libid=\"10894\" data-lib=\"medialibrary\" alt=\"Via 3L trailers\" title=\"Via 3L trailers\" width=\"0\" height=\"0\" data-dbsrc=\"Ly92aWEzbC5ldS93cC1jb250ZW50L3VwbG9hZHMvMjAyMy8wNi9rYXVwb2thbGRhLWNvbS1ESklfMjAyMzA2MTIxNDEyMzFfMDI4NV9GcmVpZ2h0X3ZpYTNsLXNjYWxlZC5qcGc=\"\/>\n\t\t\t\t\t<\/image_lists>\n\t\t\t\t<\/sr7-module>\n\t\t\t\t<script>\n\t\t\t\t\tSR7.PMH ??={}; SR7.PMH[\"SR7_62_1\"] = {cn:100,state:false,fn: function() { if (_tpt!==undefined && _tpt.prepareModuleHeight !== undefined) {  _tpt.prepareModuleHeight({id:\"SR7_62_1\",el:[600,600,600,600,350],type:'standard',shdw:'0',gh:[600,600,600,600,350],gw:[1920,1920,1920,1920,480],vpt:['-200px&#039;,&#039;-200px&#039;,&#039;-200px&#039;,&#039;-200px&#039;,&#039;-200px'],size:{fullWidth:false, fullHeight:false},mh:'0',onh:0,onw:0,bg:{color:'{\"orig\":\"transparent\",\"type\":\"solid\",\"string\":\"transparent\"}'},plType:'0',plColor:'#FFFFFF'});   SR7.PMH[\"SR7_62_1\"].state=true;} else if(SR7.PMH[\"SR7_62_1\"].cn-->0)\tsetTimeout( SR7.PMH[\"SR7_62_1\"].fn,19);}};SR7.PMH[\"SR7_62_1\" ].fn();\n\t\t\t\t<\/script>\n[\/vc_column][\/vc_row][vc_row][vc_column][vc_empty_space][\/vc_column][\/vc_row][vc_row full_width=&#8221;stretch_row_content&#8221;][vc_column][vc_column_text]<\/p>\n<p style=\"text-align: center;\">SIA \u201cVIA 3L Latvia\u201d<br \/>\nLatgales iela 495, Rumbula, Stopi\u0146u pagasts, Ropa\u017eu novads, LV-2121, Latvia<br \/>\nRe\u0123 Nr. 40103609889<br \/>\nVAT Nr. LV 40103609889<br \/>\nAS SEB Bank<br \/>\nLV60 UNLA 0055 0005 0303 1[\/vc_column_text][\/vc_column][\/vc_row][vc_row full_width=&#8221;stretch_row_content&#8221; content_placement=&#8221;top&#8221;][vc_column][vc_custom_heading text=&#8221;Via 3L Latvia SIA atra\u0161an\u0101s vieta un grupas m\u0101sas uz\u0146\u0113mumi&#8221; font_container=&#8221;tag:h2|text_align:center&#8221; use_theme_fonts=&#8221;yes&#8221;][vc_raw_html]PGlmcmFtZSBzcmM9Imh0dHBzOi8vc25henp5bWFwcy5jb20vZW1iZWQvNTkwODI1IiB3aWR0aD0iMTAwJSIgaGVpZ2h0PSI2MDBweCIgc3R5bGU9ImJvcmRlcjpub25lOyI+PC9pZnJhbWU+[\/vc_raw_html][\/vc_column][\/vc_row][vc_row][vc_column]\n\t\t\t\t<p class=\"rs-p-wp-fix\"><\/p>\n\t\t\t\t<sr7-module data-alias=\"iso-slider-latvia\" data-id=\"100\" id=\"SR7_100_2\" class=\"rs-ov-hidden\" data-version=\"6.7.34\">\n\t\t\t\t\t<sr7-adjuster><\/sr7-adjuster>\n\t\t\t\t\t<sr7-content>\n\t\t\t\t\t\t<sr7-slide id=\"SR7_100_2-250\" data-key=\"250\">\n\t\t\t\t\t\t<\/sr7-slide>\n\t\t\t\t\t\t<sr7-slide id=\"SR7_100_2-251\" data-key=\"251\">\n\t\t\t\t\t\t<\/sr7-slide>\n\t\t\t\t\t<\/sr7-content>\n\t\t\t\t\t<image_lists style=\"display:none\">\n\t\t\t\t\t\t<img decoding=async data-opt-id=1296753779  fetchpriority=\"high\" data-src=\"https:\/\/mlpeimtmgped.i.optimole.com\/w:auto\/h:auto\/q:mauto\/ig:avif\/https:\/\/via3l.eu\/wp-content\/uploads\/2025\/12\/Iso_withoutQR-ISO-14001.png\" data-libid=\"17698\" data-lib=\"medialibrary\" alt=\"Iso without QR 14001\" title=\"Iso without QR 14001\" width=\"0\" height=\"0\" data-dbsrc=\"Ly92aWEzbC5ldS93cC1jb250ZW50L3VwbG9hZHMvMjAyNS8xMi9Jc29fd2l0aG91dFFSLUlTTy0xNDAwMS5wbmc=\"\/>\n\t\t\t\t\t\t<img decoding=async data-opt-id=2081606070  fetchpriority=\"high\" data-src=\"https:\/\/mlpeimtmgped.i.optimole.com\/w:auto\/h:auto\/q:mauto\/ig:avif\/https:\/\/via3l.eu\/wp-content\/uploads\/2026\/02\/ISO_withoutQR-ISO-9001.png\" data-libid=\"17873\" data-lib=\"medialibrary\" alt=\"ISO Via 3L 9001\" title=\"ISO Via 3L 9001\" width=\"0\" height=\"0\" data-dbsrc=\"Ly92aWEzbC5ldS93cC1jb250ZW50L3VwbG9hZHMvMjAyNi8wMi9JU09fd2l0aG91dFFSLUlTTy05MDAxLnBuZw==\"\/>\n\t\t\t\t\t<\/image_lists>\n\t\t\t\t<\/sr7-module>\n\t\t\t\t<script>\n\t\t\t\t\tSR7.PMH ??={}; SR7.PMH[\"SR7_100_2\"] = {cn:100,state:false,fn: function() { if (_tpt!==undefined && _tpt.prepareModuleHeight !== undefined) {  _tpt.prepareModuleHeight({id:\"SR7_100_2\",el:[150,150,150,150,300],type:'standard',shdw:'0',gh:[150,150,150,150,300],gw:[1240,1240,1240,1240,480],vpt:['-200px&#039;,&#039;-200px&#039;,&#039;-200px&#039;,&#039;-200px&#039;,&#039;-200px'],size:{fullWidth:false, fullHeight:false},mh:'0',onh:0,onw:0,bg:{color:'{\"orig\":\"transparent\",\"type\":\"solid\",\"string\":\"transparent\"}'}});   SR7.PMH[\"SR7_100_2\"].state=true;} else if(SR7.PMH[\"SR7_100_2\"].cn-->0)\tsetTimeout( SR7.PMH[\"SR7_100_2\"].fn,19);}};SR7.PMH[\"SR7_100_2\" ].fn();\n\t\t\t\t<\/script>\n[\/vc_column][\/vc_row]<\/p>\n<\/div>","protected":false},"excerpt":{"rendered":"<p>[vc_row][vc_column][vc_custom_heading text=&#8221;3PL LO\u0122ISTIKA&#8221; use_theme_fonts=&#8221;yes&#8221; css=&#8221;&#8221;][\/vc_column][\/vc_row][vc_row][vc_column][vc_custom_heading text=&#8221;NO RA\u017dOT\u0100JA L\u012aDZ PAT\u0112R\u0112T\u0100JAM&#8221; use_theme_fonts=&#8221;yes&#8221; css=&#8221;&#8221;][vc_column_text css=&#8221;&#8221;]Via 3L jau vair\u0101k nek\u0101 divus gadu desmitus apkalpo vado\u0161os starptautiskos ra\u017eot\u0101jus no da\u017e\u0101d\u0101m nozar\u0113m. Daudzi p\u0101rtikas un pat\u0113ri\u0146a pre\u010du ra\u017eot\u0101ji, vairumtirdzniec\u012bbas&#8230;<\/p>\n","protected":false},"author":2,"featured_media":0,"parent":0,"menu_order":0,"comment_status":"closed","ping_status":"closed","template":"","meta":{"footnotes":""},"class_list":["post-3656","page","type-page","status-publish","hentry"],"_links":{"self":[{"href":"https:\/\/via3l.eu\/lv\/wp-json\/wp\/v2\/pages\/3656","targetHints":{"allow":["GET"]}}],"collection":[{"href":"https:\/\/via3l.eu\/lv\/wp-json\/wp\/v2\/pages"}],"about":[{"href":"https:\/\/via3l.eu\/lv\/wp-json\/wp\/v2\/types\/page"}],"author":[{"embeddable":true,"href":"https:\/\/via3l.eu\/lv\/wp-json\/wp\/v2\/users\/2"}],"replies":[{"embeddable":true,"href":"https:\/\/via3l.eu\/lv\/wp-json\/wp\/v2\/comments?post=3656"}],"version-history":[{"count":0,"href":"https:\/\/via3l.eu\/lv\/wp-json\/wp\/v2\/pages\/3656\/revisions"}],"wp:attachment":[{"href":"https:\/\/via3l.eu\/lv\/wp-json\/wp\/v2\/media?parent=3656"}],"curies":[{"name":"wp","href":"https:\/\/api.w.org\/{rel}","templated":true}]}}