{"id":3657,"date":"2019-08-22T14:07:16","date_gmt":"2019-08-22T12:07:16","guid":{"rendered":"https:\/\/via3l.eu\/logistikas-pakalpojumi\/aizpildi-pieteikumu\/"},"modified":"2024-06-27T09:55:20","modified_gmt":"2024-06-27T06:55:20","slug":"pieprasit-cenu","status":"publish","type":"page","link":"https:\/\/via3l.eu\/lv\/pieprasit-cenu\/","title":{"rendered":"Piepras\u012bt cenu"},"content":{"rendered":"<div class=\"wpb-content-wrapper\"><p>[vc_row][vc_column][vc_custom_heading text=&#8221;3PL LO\u0122ISTIKAS PAKALPOJUMU CENU PIEPRAS\u012aJUMS&#8221; use_theme_fonts=&#8221;yes&#8221;][vc_empty_space height=&#8221;15px&#8221;][\/vc_column][\/vc_row][vc_row][vc_column][vc_raw_html]JTNDc2NyaXB0JTIwdHlwZSUzRCUyMnRleHQlMkZqYXZhc2NyaXB0JTIyJTIwc3JjJTNEJTIyaHR0cHMlM0ElMkYlMkZmb3JtLmpvdGZvcm0uY29tJTJGanNmb3JtJTJGMjMyNDYzNTQ2OTI5MDYyJTIyJTNFJTNDJTJGc2NyaXB0JTNF[\/vc_raw_html][\/vc_column][\/vc_row][vc_row][vc_column][vc_empty_space][vc_column_text]Jau vair\u0101k k\u0101 20 gadus Via 3L darbojas lo\u0123istikas jom\u0101, nodro\u0161inot 3pl noliktavu pakalpojumus &#8211; <a href=\"https:\/\/via3l.eu\/lv\/noliktavu-pakalpojumi\/\">pas\u016bt\u012bjumu komplekt\u0113\u0161anu<\/a> un <a href=\"https:\/\/via3l.eu\/lv\/transporta-pakalpojumi-un-piegades\/\">pieg\u0101di<\/a>, <a href=\"https:\/\/via3l.eu\/lv\/akcizes-noliktavas-pakalpojumi\/\">akc\u012bzes pre\u010du apriti un muitas pakalpojumus<\/a>, <a href=\"\/en?page_id=12083\">apl\u012bm\u0113\u0161anu un citus pievienotos pakalpojumus<\/a>, savstarp\u0113ji savienot\u0101s sist\u0113m\u0101s biznesa klientiem.<\/p>\n<p>Aizpildiet piepras\u012bjuma formu un m\u0113s ar Jums dr\u012bzum\u0101 sazin\u0101simies.<\/p>\n<p>[\/vc_column_text][\/vc_column][\/vc_row][vc_row][vc_column][\/vc_column][\/vc_row]<\/p>\n<\/div>","protected":false},"excerpt":{"rendered":"<p>[vc_row][vc_column][vc_custom_heading text=&#8221;3PL LO\u0122ISTIKAS PAKALPOJUMU CENU PIEPRAS\u012aJUMS&#8221; use_theme_fonts=&#8221;yes&#8221;][vc_empty_space height=&#8221;15px&#8221;][\/vc_column][\/vc_row][vc_row][vc_column][vc_raw_html]JTNDc2NyaXB0JTIwdHlwZSUzRCUyMnRleHQlMkZqYXZhc2NyaXB0JTIyJTIwc3JjJTNEJTIyaHR0cHMlM0ElMkYlMkZmb3JtLmpvdGZvcm0uY29tJTJGanNmb3JtJTJGMjMyNDYzNTQ2OTI5MDYyJTIyJTNFJTNDJTJGc2NyaXB0JTNF[\/vc_raw_html][\/vc_column][\/vc_row][vc_row][vc_column][vc_empty_space][vc_column_text]Jau vair\u0101k k\u0101 20 gadus Via 3L darbojas lo\u0123istikas jom\u0101, nodro\u0161inot 3pl noliktavu pakalpojumus &#8211; pas\u016bt\u012bjumu komplekt\u0113\u0161anu un pieg\u0101di, akc\u012bzes pre\u010du apriti un muitas pakalpojumus, apl\u012bm\u0113\u0161anu&#8230;<\/p>\n","protected":false},"author":2,"featured_media":0,"parent":0,"menu_order":20,"comment_status":"closed","ping_status":"closed","template":"","meta":{"footnotes":""},"class_list":["post-3657","page","type-page","status-publish","hentry"],"_links":{"self":[{"href":"https:\/\/via3l.eu\/lv\/wp-json\/wp\/v2\/pages\/3657","targetHints":{"allow":["GET"]}}],"collection":[{"href":"https:\/\/via3l.eu\/lv\/wp-json\/wp\/v2\/pages"}],"about":[{"href":"https:\/\/via3l.eu\/lv\/wp-json\/wp\/v2\/types\/page"}],"author":[{"embeddable":true,"href":"https:\/\/via3l.eu\/lv\/wp-json\/wp\/v2\/users\/2"}],"replies":[{"embeddable":true,"href":"https:\/\/via3l.eu\/lv\/wp-json\/wp\/v2\/comments?post=3657"}],"version-history":[{"count":0,"href":"https:\/\/via3l.eu\/lv\/wp-json\/wp\/v2\/pages\/3657\/revisions"}],"wp:attachment":[{"href":"https:\/\/via3l.eu\/lv\/wp-json\/wp\/v2\/media?parent=3657"}],"curies":[{"name":"wp","href":"https:\/\/api.w.org\/{rel}","templated":true}]}}