{"id":3921,"date":"2019-09-18T15:56:38","date_gmt":"2019-09-18T13:56:38","guid":{"rendered":"https:\/\/via3l.eu\/sakums\/"},"modified":"2025-07-22T12:38:15","modified_gmt":"2025-07-22T09:38:15","slug":"3pl-logistikas-pakalpojumi","status":"publish","type":"page","link":"https:\/\/via3l.eu\/lv\/3pl-logistikas-pakalpojumi\/","title":{"rendered":"S\u0101kums"},"content":{"rendered":"<div class=\"wpb-content-wrapper\"><p>[vc_row][vc_column][vc_custom_heading text=&#8221;VIA 3L Latvia &#8211; vado\u0161ais 3PL lo\u0123istikas pakalpojumu sniedz\u0113js Baltij\u0101&#8221; font_container=&#8221;tag:h1|text_align:center&#8221; use_theme_fonts=&#8221;yes&#8221;][vc_empty_space][vc_column_text css=&#8221;&#8221;]Via 3L ir vado\u0161\u0101 uz\u0146\u0113mumu grupa Baltijas valst\u012bs, kura nodro\u0161ina <strong>3pl lo\u0123istiku<\/strong> &#8211; pre\u010du pie\u0146em\u0161anu \u012bstermi\u0146a vai ilgtermi\u0146a <strong>uzglab\u0101\u0161an\u0101<\/strong>, <strong>mar\u0137\u0113\u0161anu<\/strong>, <strong>komplekt\u0113\u0161anu<\/strong> un <strong>pieg\u0101des<\/strong> Latvij\u0101, Lietuv\u0101 un Igaunij\u0101, k\u0101 ar\u012b <strong>starptautisko<\/strong> kravu p\u0101rvad\u0101jumu pakalpojumus.[\/vc_column_text][vc_empty_space][\/vc_column][\/vc_row][vc_row full_width=&#8221;stretch_row_content&#8221; css=&#8221;.vc_custom_1568985784368{background-image: url(https:\/\/mlpeimtmgped.i.optimole.com\/w:auto\/h:auto\/q:mauto\/ig:avif\/https:\/\/via3l.eu\/wp-content\/uploads\/2015\/10\/sinine-taust-via3l.png?id=2858) !important;}&#8221;][vc_column][vc_empty_space height=&#8221;60px&#8221;][\/vc_column][\/vc_row][vc_row full_width=&#8221;stretch_row_content&#8221;][vc_column][vc_empty_space height=&#8221;60px&#8221;][\/vc_column][\/vc_row][vc_row equal_height=&#8221;yes&#8221;][vc_column width=&#8221;1\/4&#8243;][vc_custom_heading text=&#8221;100&#8243; font_container=&#8221;tag:p|font_size:40|text_align:center|color:%239cd151&#8243; google_fonts=&#8221;font_family:Montserrat%20Alternates%3Aregular%2C700|font_style:700%20bold%20regular%3A700%3Anormal&#8221; css=&#8221;&#8221;][vc_column_text css=&#8221;&#8221;]<\/p>\n<h3 style=\"text-align: center;\">SADARB\u012bBAS PARTNERI<\/h3>\n<p>[\/vc_column_text][\/vc_column][vc_column width=&#8221;1\/4&#8243;][vc_custom_heading text=&#8221;150&#8243; font_container=&#8221;tag:p|font_size:40|text_align:center|color:%239cd151&#8243; google_fonts=&#8221;font_family:Montserrat%20Alternates%3Aregular%2C700|font_style:700%20bold%20regular%3A700%3Anormal&#8221; css=&#8221;&#8221;][vc_column_text css=&#8221;&#8221;]<\/p>\n<h3 style=\"text-align: center;\">DARBINIEKI<\/h3>\n<p>[\/vc_column_text][\/vc_column][vc_column width=&#8221;1\/4&#8243;][vc_custom_heading text=&#8221;30 000&#8243; font_container=&#8221;tag:p|font_size:40|text_align:center|color:%239cd151&#8243; google_fonts=&#8221;font_family:Montserrat%20Alternates%3Aregular%2C700|font_style:700%20bold%20regular%3A700%3Anormal&#8221; css=&#8221;&#8221;][vc_column_text css=&#8221;&#8221;]<\/p>\n<h3 style=\"text-align: center;\">S\u016bt\u012bjumu skaits<br \/>\nm\u0113nes\u012b<\/h3>\n<p>[\/vc_column_text][\/vc_column][vc_column width=&#8221;1\/4&#8243;][vc_custom_heading text=&#8221;300 000&#8243; font_container=&#8221;tag:p|font_size:40|text_align:center|color:%239cd151&#8243; google_fonts=&#8221;font_family:Montserrat%20Alternates%3Aregular%2C700|font_style:700%20bold%20regular%3A700%3Anormal&#8221; css=&#8221;&#8221;][vc_column_text css=&#8221;&#8221;]<\/p>\n<h3 style=\"text-align: center;\">IZDO\u0160ANAS PAS\u016aT\u012aJUMU<br \/>\nRINDAS M\u0112NES\u012aKUUS<\/h3>\n<p>[\/vc_column_text][\/vc_column][\/vc_row][vc_row full_width=&#8221;stretch_row_content&#8221;][vc_column][vc_empty_space height=&#8221;60px&#8221;][\/vc_column][\/vc_row][vc_row full_width=&#8221;stretch_row_content&#8221; css=&#8221;.vc_custom_1568985784368{background-image: url(https:\/\/mlpeimtmgped.i.optimole.com\/w:auto\/h:auto\/q:mauto\/ig:avif\/https:\/\/via3l.eu\/wp-content\/uploads\/2015\/10\/sinine-taust-via3l.png?id=2858) !important;}&#8221;][vc_column][vc_empty_space height=&#8221;60px&#8221;][\/vc_column][\/vc_row][vc_row][vc_column][vc_custom_heading text=&#8221;M\u016bsu pakalpojumi&#8221; font_container=&#8221;tag:h2|text_align:center&#8221; use_theme_fonts=&#8221;yes&#8221;][vc_row_inner][vc_column_inner width=&#8221;1\/2&#8243;][vc_icon icon_fontawesome=&#8221;fa fa-users&#8221; color=&#8221;green&#8221; background_style=&#8221;rounded&#8221; size=&#8221;xl&#8221; align=&#8221;center&#8221;][vc_column_text css=&#8221;&#8221;]<\/p>\n<h3 style=\"text-align: center;\"><a href=\"https:\/\/via3l.eu\/lv\/noliktavu-pakalpojumi\/\">3PL<\/a> <a href=\"https:\/\/via3l.eu\/lv\/noliktavu-pakalpojumi\/\">jeb PAS\u016aT\u012aJU KOMPLEKT\u0112\u0160ANA<\/a><\/h3>\n<p>[\/vc_column_text][\/vc_column_inner][vc_column_inner width=&#8221;1\/2&#8243;][vc_icon icon_fontawesome=&#8221;fa fa-briefcase&#8221; color=&#8221;green&#8221; background_style=&#8221;rounded&#8221; size=&#8221;xl&#8221; align=&#8221;center&#8221;][vc_column_text css=&#8221;&#8221;]<\/p>\n<h3 style=\"text-align: center;\"><a href=\"https:\/\/via3l.eu\/lv\/labelling-value-added-services\/\">PRE\u010cU MAR\u0136\u0112\u0160ANA UN UZGLAB\u0100\u0160ANA<\/a><\/h3>\n<p>[\/vc_column_text][\/vc_column_inner][\/vc_row_inner][vc_empty_space][vc_row_inner][vc_column_inner width=&#8221;1\/2&#8243;][vc_icon icon_fontawesome=&#8221;fa fa-truck&#8221; color=&#8221;green&#8221; background_style=&#8221;rounded&#8221; size=&#8221;xl&#8221; align=&#8221;center&#8221;][vc_column_text css=&#8221;&#8221;]<\/p>\n<h3 style=\"text-align: center;\"><a href=\"https:\/\/via3l.eu\/lv\/transporta-pakalpojumi-un-piegades\/\">PIEG\u0100DES LATVIJ\u0100, LIETUV\u0100, IGAUNIJ\u0100<\/a><\/h3>\n<p>[\/vc_column_text][\/vc_column_inner][vc_column_inner width=&#8221;1\/2&#8243;][vc_icon icon_fontawesome=&#8221;fa fa-beer&#8221; color=&#8221;green&#8221; background_style=&#8221;rounded&#8221; size=&#8221;xl&#8221; align=&#8221;center&#8221;][vc_column_text css=&#8221;&#8221;]<\/p>\n<h3 style=\"text-align: center;\"><a href=\"https:\/\/via3l.eu\/lv\/akcizes-noliktavas-pakalpojumi\/\">AKC\u012aZES PRE\u010cU APRITE un MUITA<\/a><\/h3>\n<p>[\/vc_column_text][\/vc_column_inner][\/vc_row_inner][\/vc_column][vc_column][\/vc_column][\/vc_row][vc_row][vc_column][vc_empty_space][\/vc_column][\/vc_row][vc_row full_width=&#8221;stretch_row_content&#8221; css=&#8221;.vc_custom_1568985784368{background-image: url(https:\/\/mlpeimtmgped.i.optimole.com\/w:auto\/h:auto\/q:mauto\/ig:avif\/https:\/\/via3l.eu\/wp-content\/uploads\/2015\/10\/sinine-taust-via3l.png?id=2858) !important;}&#8221;][vc_column][vc_empty_space height=&#8221;60px&#8221;][\/vc_column][\/vc_row][vc_row full_width=&#8221;stretch_row_content&#8221;][vc_column][vc_empty_space height=&#8221;60px&#8221;][\/vc_column][\/vc_row][vc_row equal_height=&#8221;yes&#8221;][vc_column][vc_column_text css=&#8221;&#8221;]Uz\u0146\u0113mums dibin\u0101ts Igaunij\u0101 2001. gad\u0101 un pak\u0101peniski papla\u0161in\u0101j\u0101s p\u0101r\u0113j\u0101s Baltijas galvaspils\u0113t\u0101s- Tallin\u0101, R\u012bg\u0101, Vi\u013c\u0146\u0101.<\/p>\n<p>2021\/2022. gad\u0101 uz\u0146\u0113mumu pakalpojumu apgroz\u012bjums sasniedza EUR 41 miljoni.<\/p>\n<p>Uz\u0146\u0113mumos nodarbin\u0101ti vair\u0101k nek\u0101 300 cilv\u0113ki. Kop\u0113j\u0101 noliktavu plat\u012bba sast\u0101da 77\u2019200 kv.m., kas \u013cauj nodro\u0161in\u0101t kvalitat\u012bvu pre\u010du uzglab\u0101\u0161anu ar da\u017e\u0101diem temperat\u016bru re\u017e\u012bmiem- parastu, atdzes\u0113tu vai sald\u0113tu.<\/p>\n<p>Savuk\u0101rt starptautisk\u0101 transporta komanda aptver visas iesp\u0113jam\u0101s transport\u0113\u0161anas iesp\u0113jas, s\u0101kot no ce\u013ciem un gaisa l\u012bdz j\u016bras un kombin\u0113to transporta veidiem.<\/p>\n<p>Procesus efekt\u012bvu pl\u016bsmu nodro\u0161ina Microsoft Dynamics AX 2012 R3 ar speci\u0101li Via 3L izstr\u0101d\u0101tam funkcij\u0101m.[\/vc_column_text][\/vc_column][\/vc_row][vc_row full_width=&#8221;stretch_row_content&#8221;][vc_column][vc_empty_space height=&#8221;60px&#8221;][\/vc_column][\/vc_row][vc_row][vc_column][vc_video link=&#8221;https:\/\/youtu.be\/T5sKL1Uv42s&#8221;][\/vc_column][\/vc_row][vc_row][vc_column]\n\t\t\t\t<p class=\"rs-p-wp-fix\"><\/p>\n\t\t\t\t<sr7-module data-alias=\"customer-references-lv\" data-id=\"30\" id=\"SR7_30_1\" class=\"rs-ov-hidden\" data-version=\"6.7.34\">\n\t\t\t\t\t<sr7-adjuster><\/sr7-adjuster>\n\t\t\t\t\t<sr7-content>\n\t\t\t\t\t\t<sr7-carousel>\n\t\t\t\t\t\t<sr7-slide id=\"SR7_30_1-55\" data-key=\"55\">\n\t\t\t\t\t\t<\/sr7-slide>\n\t\t\t\t\t\t<sr7-slide id=\"SR7_30_1-56\" data-key=\"56\">\n\t\t\t\t\t\t<\/sr7-slide>\n\t\t\t\t\t\t<sr7-slide id=\"SR7_30_1-258\" data-key=\"258\">\n\t\t\t\t\t\t<\/sr7-slide>\n\t\t\t\t\t\t<sr7-slide id=\"SR7_30_1-169\" data-key=\"169\">\n\t\t\t\t\t\t<\/sr7-slide>\n\t\t\t\t\t\t<\/sr7-carousel>\n\t\t\t\t\t<\/sr7-content>\n\t\t\t\t\t<image_lists style=\"display:none\">\n\t\t\t\t\t\t<img decoding=async data-opt-id=194166382  fetchpriority=\"high\" data-src=\"https:\/\/mlpeimtmgped.i.optimole.com\/w:auto\/h:auto\/q:mauto\/ig:avif\/https:\/\/via3l.eu\/wp-content\/uploads\/2019\/11\/jungent_logo_150-1.png\" data-libid=\"4685\" alt=\"jungent_logo via 3l\" title=\"jungent_logo_150\" width=\"0\" height=\"0\" data-dbsrc=\"Ly92aWEzbC5ldS93cC1jb250ZW50L3VwbG9hZHMvMjAxOS8xMS9qdW5nZW50X2xvZ29fMTUwLTEucG5n\"\/>\n\t\t\t\t\t\t<img decoding=async data-opt-id=672639300  fetchpriority=\"high\" data-src=\"https:\/\/mlpeimtmgped.i.optimole.com\/w:auto\/h:auto\/q:mauto\/ig:avif\/https:\/\/via3l.eu\/wp-content\/uploads\/2020\/03\/prike.png\" data-libid=\"5460\" alt=\"prike_logo\" title=\"prike\" width=\"0\" height=\"0\" data-dbsrc=\"Ly92aWEzbC5ldS93cC1jb250ZW50L3VwbG9hZHMvMjAyMC8wMy9wcmlrZS5wbmc=\"\/>\n\t\t\t\t\t\t<img decoding=async data-opt-id=407105231  fetchpriority=\"high\" data-src=\"https:\/\/mlpeimtmgped.i.optimole.com\/w:auto\/h:auto\/q:mauto\/ig:avif\/https:\/\/via3l.eu\/wp-content\/uploads\/2020\/03\/Liviko.png\" data-libid=\"5456\" alt=\"liviko_logo\" title=\"Liviko\" width=\"0\" height=\"0\" data-dbsrc=\"Ly92aWEzbC5ldS93cC1jb250ZW50L3VwbG9hZHMvMjAyMC8wMy9MaXZpa28ucG5n\"\/>\n\t\t\t\t\t\t<img decoding=async data-opt-id=154395385  fetchpriority=\"high\" data-src=\"https:\/\/mlpeimtmgped.i.optimole.com\/w:auto\/h:auto\/q:mauto\/ig:avif\/https:\/\/via3l.eu\/wp-content\/uploads\/2020\/12\/Lidl_logo.png\" data-libid=\"7289\" data-lib=\"medialibrary\" alt=\"Lidl logo\" title=\"Lidl logo\" width=\"0\" height=\"0\" data-dbsrc=\"Ly92aWEzbC5ldS93cC1jb250ZW50L3VwbG9hZHMvMjAyMC8xMi9MaWRsX2xvZ28ucG5n\"\/>\n\t\t\t\t\t\t<img decoding=async data-opt-id=1826881090  fetchpriority=\"high\" data-src=\"https:\/\/mlpeimtmgped.i.optimole.com\/w:auto\/h:auto\/q:mauto\/ig:avif\/https:\/\/via3l.eu\/wp-content\/uploads\/2020\/07\/coca-cola-cchbc-country-mark-baltics.jpg\" data-libid=\"5782\" data-lib=\"medialibrary\" alt=\"coca-cola logo\" title=\"coca-cola-cchbc-country-mark-baltics\" width=\"0\" height=\"0\" data-dbsrc=\"Ly92aWEzbC5ldS93cC1jb250ZW50L3VwbG9hZHMvMjAyMC8wNy9jb2NhLWNvbGEtY2NoYmMtY291bnRyeS1tYXJrLWJhbHRpY3MuanBn\"\/>\n\t\t\t\t\t\t<img decoding=async data-opt-id=1419997946  fetchpriority=\"high\" data-src=\"https:\/\/mlpeimtmgped.i.optimole.com\/w:auto\/h:auto\/q:mauto\/ig:avif\/https:\/\/via3l.eu\/wp-content\/uploads\/2023\/10\/mv-group.png\" data-libid=\"12563\" data-lib=\"medialibrary\" alt=\"mv group logo\" title=\"mv-group\" width=\"0\" height=\"0\" data-dbsrc=\"Ly92aWEzbC5ldS93cC1jb250ZW50L3VwbG9hZHMvMjAyMy8xMC9tdi1ncm91cC5wbmc=\"\/>\n\t\t\t\t\t\t<img decoding=async data-opt-id=1329669111  fetchpriority=\"high\" data-src=\"https:\/\/mlpeimtmgped.i.optimole.com\/w:auto\/h:auto\/q:mauto\/ig:avif\/https:\/\/via3l.eu\/wp-content\/uploads\/2019\/11\/Fazer_logo_150pix.png\" data-libid=\"4595\" data-lib=\"medialibrary\" alt=\"Fazer logo 150pix via 3l\" title=\"Fazer logo 150pix\" width=\"0\" height=\"0\" data-dbsrc=\"Ly92aWEzbC5ldS93cC1jb250ZW50L3VwbG9hZHMvMjAxOS8xMS9GYXplcl9sb2dvXzE1MHBpeC5wbmc=\"\/>\n\t\t\t\t\t\t<img decoding=async data-opt-id=2042289423  fetchpriority=\"high\" data-src=\"https:\/\/mlpeimtmgped.i.optimole.com\/w:auto\/h:auto\/q:mauto\/ig:avif\/https:\/\/via3l.eu\/wp-content\/uploads\/2020\/07\/momentin-latvia.jpg\" data-libid=\"5795\" data-lib=\"medialibrary\" alt=\"momentin-logo\" title=\"momentin-latvia\" width=\"0\" height=\"0\" data-dbsrc=\"Ly92aWEzbC5ldS93cC1jb250ZW50L3VwbG9hZHMvMjAyMC8wNy9tb21lbnRpbi1sYXR2aWEuanBn\"\/>\n\t\t\t\t\t\t<img decoding=async data-opt-id=692072864  fetchpriority=\"high\" data-src=\"https:\/\/mlpeimtmgped.i.optimole.com\/w:auto\/h:auto\/q:mauto\/ig:avif\/https:\/\/via3l.eu\/wp-content\/uploads\/2020\/07\/nml_square.jpg\" data-libid=\"5799\" data-lib=\"medialibrary\" title=\"nml_square\" width=\"0\" height=\"0\" data-dbsrc=\"Ly92aWEzbC5ldS93cC1jb250ZW50L3VwbG9hZHMvMjAyMC8wNy9ubWxfc3F1YXJlLmpwZw==\"\/>\n\t\t\t\t\t\t<img decoding=async data-opt-id=103919172  fetchpriority=\"high\" data-src=\"https:\/\/mlpeimtmgped.i.optimole.com\/w:auto\/h:auto\/q:mauto\/ig:avif\/https:\/\/via3l.eu\/wp-content\/uploads\/2020\/07\/VarskaOriginaal_logo.jpg\" data-libid=\"5807\" data-lib=\"medialibrary\" title=\"VarskaOriginaal_logo\" width=\"0\" height=\"0\" data-dbsrc=\"Ly92aWEzbC5ldS93cC1jb250ZW50L3VwbG9hZHMvMjAyMC8wNy9WYXJza2FPcmlnaW5hYWxfbG9nby5qcGc=\"\/>\n\t\t\t\t\t\t<img decoding=async data-opt-id=990261491  data-opt-src=\"https:\/\/mlpeimtmgped.i.optimole.com\/w:auto\/h:auto\/q:mauto\/ig:avif\/https:\/\/via3l.eu\/wp-content\/uploads\/2026\/02\/Daisena-logo.webp\"  data-src=\"https:\/\/mlpeimtmgped.i.optimole.com\/w:auto\/h:auto\/q:mauto\/ig:avif\/https:\/\/via3l.eu\/wp-content\/uploads\/2026\/02\/Daisena-logo.webp\" data-libid=\"17868\" data-lib=\"medialibrary\" alt=\"Daisena logo\" title=\"Daisena logo\" width=\"0\" height=\"0\" data-dbsrc=\"Ly92aWEzbC5ldS93cC1jb250ZW50L3VwbG9hZHMvMjAyNi8wMi9EYWlzZW5hLWxvZ28ud2VicA==\"\/>\n\t\t\t\t\t\t<img decoding=async data-opt-id=1534514465  data-opt-src=\"https:\/\/mlpeimtmgped.i.optimole.com\/w:auto\/h:auto\/q:mauto\/ig:avif\/https:\/\/via3l.eu\/wp-content\/uploads\/2026\/02\/Gemaga-group.webp\"  data-src=\"https:\/\/mlpeimtmgped.i.optimole.com\/w:auto\/h:auto\/q:mauto\/ig:avif\/https:\/\/via3l.eu\/wp-content\/uploads\/2026\/02\/Gemaga-group.webp\" data-libid=\"17874\" data-lib=\"medialibrary\" alt=\"Gemaga group logo\" title=\"Gemaga group logo\" width=\"0\" height=\"0\" data-dbsrc=\"Ly92aWEzbC5ldS93cC1jb250ZW50L3VwbG9hZHMvMjAyNi8wMi9HZW1hZ2EtZ3JvdXAud2VicA==\"\/>\n\t\t\t\t\t\t<img decoding=async data-opt-id=220840823  data-opt-src=\"https:\/\/mlpeimtmgped.i.optimole.com\/w:auto\/h:auto\/q:mauto\/ig:avif\/https:\/\/via3l.eu\/wp-content\/uploads\/2020\/07\/IKEA-logo.jpg\"  data-src=\"https:\/\/mlpeimtmgped.i.optimole.com\/w:auto\/h:auto\/q:mauto\/ig:avif\/https:\/\/via3l.eu\/wp-content\/uploads\/2020\/07\/IKEA-logo.jpg\" data-libid=\"5780\" data-lib=\"medialibrary\" alt=\"IKEA logo\" title=\"IKEA logo\" width=\"0\" height=\"0\" data-dbsrc=\"Ly92aWEzbC5ldS93cC1jb250ZW50L3VwbG9hZHMvMjAyMC8wNy9JS0VBLWxvZ28uanBn\"\/>\n\t\t\t\t\t\t<img decoding=async data-opt-id=150950832  data-opt-src=\"https:\/\/mlpeimtmgped.i.optimole.com\/w:auto\/h:auto\/q:mauto\/ig:avif\/https:\/\/via3l.eu\/wp-content\/uploads\/2020\/03\/roshen_logo.png\"  data-src=\"https:\/\/mlpeimtmgped.i.optimole.com\/w:auto\/h:auto\/q:mauto\/ig:avif\/https:\/\/via3l.eu\/wp-content\/uploads\/2020\/03\/roshen_logo.png\" data-libid=\"5451\" data-lib=\"medialibrary\" alt=\"roshen logo\" title=\"roshen logo\" width=\"0\" height=\"0\" data-dbsrc=\"Ly92aWEzbC5ldS93cC1jb250ZW50L3VwbG9hZHMvMjAyMC8wMy9yb3NoZW5fbG9nby5wbmc=\"\/>\n\t\t\t\t\t<\/image_lists>\n\t\t\t\t<\/sr7-module>\n\t\t\t\t<script>\n\t\t\t\t\tSR7.PMH ??={}; SR7.PMH[\"SR7_30_1\"] = {cn:100,state:false,fn: function() { if (_tpt!==undefined && _tpt.prepareModuleHeight !== undefined) {  _tpt.prepareModuleHeight({id:\"SR7_30_1\",el:[200,200,160,130,80],type:'carousel',shdw:'0',gh:[200,200,160,130,80],gw:[1240,1240,1024,778,480],vpt:['-200px&#039;,&#039;-200px&#039;,&#039;-200px&#039;,&#039;-200px&#039;,&#039;-200px'],size:{fullWidth:false, fullHeight:false},mh:'0',onh:0,onw:0,bg:{color:'{\"orig\":\"transparent\",\"type\":\"solid\",\"string\":\"transparent\"}'},carousel:{pt:'0',pb:'0'},plType:'0',plColor:'#FFFFFF'});   SR7.PMH[\"SR7_30_1\"].state=true;} else if(SR7.PMH[\"SR7_30_1\"].cn-->0)\tsetTimeout( SR7.PMH[\"SR7_30_1\"].fn,19);}};SR7.PMH[\"SR7_30_1\" ].fn();\n\t\t\t\t<\/script>\n[\/vc_column][\/vc_row][vc_row][vc_column]\n\t\t\t\t<p class=\"rs-p-wp-fix\"><\/p>\n\t\t\t\t<sr7-module data-alias=\"iso-slider-latvia\" data-id=\"100\" id=\"SR7_100_2\" class=\"rs-ov-hidden\" data-version=\"6.7.34\">\n\t\t\t\t\t<sr7-adjuster><\/sr7-adjuster>\n\t\t\t\t\t<sr7-content>\n\t\t\t\t\t\t<sr7-slide id=\"SR7_100_2-250\" data-key=\"250\">\n\t\t\t\t\t\t<\/sr7-slide>\n\t\t\t\t\t\t<sr7-slide id=\"SR7_100_2-251\" data-key=\"251\">\n\t\t\t\t\t\t<\/sr7-slide>\n\t\t\t\t\t<\/sr7-content>\n\t\t\t\t\t<image_lists style=\"display:none\">\n\t\t\t\t\t\t<img decoding=async data-opt-id=1296753779  data-opt-src=\"https:\/\/mlpeimtmgped.i.optimole.com\/w:auto\/h:auto\/q:mauto\/ig:avif\/https:\/\/via3l.eu\/wp-content\/uploads\/2025\/12\/Iso_withoutQR-ISO-14001.png\"  data-src=\"https:\/\/mlpeimtmgped.i.optimole.com\/w:auto\/h:auto\/q:mauto\/ig:avif\/https:\/\/via3l.eu\/wp-content\/uploads\/2025\/12\/Iso_withoutQR-ISO-14001.png\" data-libid=\"17698\" data-lib=\"medialibrary\" alt=\"Iso without QR 14001\" title=\"Iso without QR 14001\" width=\"0\" height=\"0\" data-dbsrc=\"Ly92aWEzbC5ldS93cC1jb250ZW50L3VwbG9hZHMvMjAyNS8xMi9Jc29fd2l0aG91dFFSLUlTTy0xNDAwMS5wbmc=\"\/>\n\t\t\t\t\t\t<img decoding=async data-opt-id=2081606070  data-opt-src=\"https:\/\/mlpeimtmgped.i.optimole.com\/w:auto\/h:auto\/q:mauto\/ig:avif\/https:\/\/via3l.eu\/wp-content\/uploads\/2026\/02\/ISO_withoutQR-ISO-9001.png\"  data-src=\"https:\/\/mlpeimtmgped.i.optimole.com\/w:auto\/h:auto\/q:mauto\/ig:avif\/https:\/\/via3l.eu\/wp-content\/uploads\/2026\/02\/ISO_withoutQR-ISO-9001.png\" data-libid=\"17873\" data-lib=\"medialibrary\" alt=\"ISO Via 3L 9001\" title=\"ISO Via 3L 9001\" width=\"0\" height=\"0\" data-dbsrc=\"Ly92aWEzbC5ldS93cC1jb250ZW50L3VwbG9hZHMvMjAyNi8wMi9JU09fd2l0aG91dFFSLUlTTy05MDAxLnBuZw==\"\/>\n\t\t\t\t\t<\/image_lists>\n\t\t\t\t<\/sr7-module>\n\t\t\t\t<script>\n\t\t\t\t\tSR7.PMH ??={}; SR7.PMH[\"SR7_100_2\"] = {cn:100,state:false,fn: function() { if (_tpt!==undefined && _tpt.prepareModuleHeight !== undefined) {  _tpt.prepareModuleHeight({id:\"SR7_100_2\",el:[150,150,150,150,300],type:'standard',shdw:'0',gh:[150,150,150,150,300],gw:[1240,1240,1240,1240,480],vpt:['-200px&#039;,&#039;-200px&#039;,&#039;-200px&#039;,&#039;-200px&#039;,&#039;-200px'],size:{fullWidth:false, fullHeight:false},mh:'0',onh:0,onw:0,bg:{color:'{\"orig\":\"transparent\",\"type\":\"solid\",\"string\":\"transparent\"}'}});   SR7.PMH[\"SR7_100_2\"].state=true;} else if(SR7.PMH[\"SR7_100_2\"].cn-->0)\tsetTimeout( SR7.PMH[\"SR7_100_2\"].fn,19);}};SR7.PMH[\"SR7_100_2\" ].fn();\n\t\t\t\t<\/script>\n[\/vc_column][\/vc_row]<\/p>\n<\/div>","protected":false},"excerpt":{"rendered":"<p>[vc_row][vc_column][vc_custom_heading text=&#8221;VIA 3L Latvia &#8211; vado\u0161ais 3PL lo\u0123istikas pakalpojumu sniedz\u0113js Baltij\u0101&#8221; font_container=&#8221;tag:h1|text_align:center&#8221; use_theme_fonts=&#8221;yes&#8221;][vc_empty_space][vc_column_text css=&#8221;&#8221;]Via 3L ir vado\u0161\u0101 uz\u0146\u0113mumu grupa Baltijas valst\u012bs, kura nodro\u0161ina 3pl lo\u0123istiku &#8211; pre\u010du pie\u0146em\u0161anu \u012bstermi\u0146a vai ilgtermi\u0146a uzglab\u0101\u0161an\u0101, mar\u0137\u0113\u0161anu,&#8230;<\/p>\n","protected":false},"author":2,"featured_media":13352,"parent":0,"menu_order":0,"comment_status":"closed","ping_status":"closed","template":"","meta":{"footnotes":""},"class_list":["post-3921","page","type-page","status-publish","has-post-thumbnail","hentry"],"_links":{"self":[{"href":"https:\/\/via3l.eu\/lv\/wp-json\/wp\/v2\/pages\/3921","targetHints":{"allow":["GET"]}}],"collection":[{"href":"https:\/\/via3l.eu\/lv\/wp-json\/wp\/v2\/pages"}],"about":[{"href":"https:\/\/via3l.eu\/lv\/wp-json\/wp\/v2\/types\/page"}],"author":[{"embeddable":true,"href":"https:\/\/via3l.eu\/lv\/wp-json\/wp\/v2\/users\/2"}],"replies":[{"embeddable":true,"href":"https:\/\/via3l.eu\/lv\/wp-json\/wp\/v2\/comments?post=3921"}],"version-history":[{"count":0,"href":"https:\/\/via3l.eu\/lv\/wp-json\/wp\/v2\/pages\/3921\/revisions"}],"wp:featuredmedia":[{"embeddable":true,"href":"https:\/\/via3l.eu\/lv\/wp-json\/wp\/v2\/media\/13352"}],"wp:attachment":[{"href":"https:\/\/via3l.eu\/lv\/wp-json\/wp\/v2\/media?parent=3921"}],"curies":[{"name":"wp","href":"https:\/\/api.w.org\/{rel}","templated":true}]}}