{"id":5598,"date":"2020-03-12T18:14:01","date_gmt":"2020-03-12T16:14:01","guid":{"rendered":"https:\/\/via3l.eu\/?page_id=5598"},"modified":"2025-07-22T12:39:35","modified_gmt":"2025-07-22T09:39:35","slug":"logotipa-lejupielade","status":"publish","type":"page","link":"https:\/\/via3l.eu\/lv\/akcizes-un-vairumtirdzniecibas-noliktavas-kontakti\/logotipa-lejupielade\/","title":{"rendered":"Logotipa lejupiel\u0101de"},"content":{"rendered":"<div class=\"wpb-content-wrapper\"><p>[vc_row][vc_column][vc_tta_tour style=&#8221;modern&#8221; shape=&#8221;square&#8221; color=&#8221;green&#8221; spacing=&#8221;3&#8243; alignment=&#8221;center&#8221; controls_size=&#8221;md&#8221; active_section=&#8221;1&#8243;][vc_tta_section title=&#8221;Logo .jpg&#8221; tab_id=&#8221;1584024210825-c8bc3b88-f472&#8243;][vc_single_image source=&#8221;featured_image&#8221; alignment=&#8221;center&#8221; onclick=&#8221;custom_link&#8221; img_link_target=&#8221;_blank&#8221; css=&#8221;.vc_custom_1603197328235{padding-top: 30px !important;padding-left: 30px !important;}&#8221; link=&#8221;https:\/\/mlpeimtmgped.i.optimole.com\/w:auto\/h:auto\/q:mauto\/ig:avif\/https:\/\/via3l.eu\/wp-content\/uploads\/2020\/03\/Via_3l_logo_download.jpg&#8221;][\/vc_tta_section][vc_tta_section title=&#8221;Logo .png&#8221; tab_id=&#8221;1584024210838-cb979dcd-842f&#8221;][vc_single_image source=&#8221;featured_image&#8221; alignment=&#8221;center&#8221; onclick=&#8221;custom_link&#8221; img_link_target=&#8221;_blank&#8221; css=&#8221;.vc_custom_1603197315815{padding-top: 30px !important;padding-left: 30px !important;}&#8221; link=&#8221;https:\/\/mlpeimtmgped.i.optimole.com\/w:auto\/h:auto\/q:mauto\/ig:avif\/https:\/\/via3l.eu\/wp-content\/uploads\/2020\/03\/Via_3l_logo_download.png&#8221;][\/vc_tta_section][vc_tta_section title=&#8221;Logo .ai&#8221; tab_id=&#8221;1584024263899-e17ac19f-226a&#8221;][vc_column_text css=&#8221;.vc_custom_1603197276332{padding-top: 30px !important;padding-left: 30px !important;}&#8221;]<\/p>\n<p style=\"text-align: center;\"><a href=\"https:\/\/www.via3l.eu\/Via_3l_logo_wordpress.ai\" target=\"_blank\" rel=\"noopener noreferrer nofollow\">Download logo in .ai format<\/a><\/p>\n<p>[\/vc_column_text][\/vc_tta_section][vc_tta_section title=&#8221;Logo .pdf&#8221; tab_id=&#8221;1584104427838-823a5124-6016&#8243;][vc_column_text css=&#8221;.vc_custom_1603197293890{padding-top: 30px !important;padding-left: 30px !important;}&#8221;]<\/p>\n<p style=\"text-align: center;\"><a href=\"https:\/\/www.via3l.eu\/Via_3l_logo.pdf\" target=\"_blank\" rel=\"noopener noreferrer nofollow\">Download logo in .pdf format<\/a><\/p>\n<p>[\/vc_column_text][\/vc_tta_section][vc_tta_section title=&#8221;Kr\u0101sas&#8221; tab_id=&#8221;1603196458439-48a4185d-1db7&#8243;][vc_column_text css=&#8221;.vc_custom_1603197300763{padding-left: 30px !important;}&#8221;]<\/p>\n<p style=\"text-align: center;\">Via 3L logo<\/p>\n<ul style=\"text-align: center;\">\n<li>za\u013ca (RGB 153, 192,0; CMYK 50, 0, 100, 0%; RAL 6018),<\/li>\n<li>zils (RGB 0,35,77; CMYK 100,48,0,70%; RAL 5026);<\/li>\n<li>t\u012bmek\u013ca za\u013c\u0161 # 99ca3c; zils # 1c3664;<\/li>\n<li>pel\u0113ks (RAL 7045; CMYK 49,40,38,4)<\/li>\n<\/ul>\n<p>[\/vc_column_text][\/vc_tta_section][vc_tta_section title=&#8221;Logo stylebook&#8221; tab_id=&#8221;1621255544623-ed397098-7a64&#8243;][vc_single_image image=&#8221;8367&#8243; img_size=&#8221;large&#8221; alignment=&#8221;center&#8221; onclick=&#8221;custom_link&#8221; img_link_target=&#8221;_blank&#8221; link=&#8221;https:\/\/www.via3l.eu\/Via3L-stylebook-ENG-web.pdf&#8221;][\/vc_tta_section][\/vc_tta_tour][\/vc_column][\/vc_row][vc_row][vc_column]\n\t\t\t\t<p class=\"rs-p-wp-fix\"><\/p>\n\t\t\t\t<sr7-module data-alias=\"iso-slider-latvia\" data-id=\"100\" id=\"SR7_100_1\" class=\"rs-ov-hidden\" data-version=\"6.7.34\">\n\t\t\t\t\t<sr7-adjuster><\/sr7-adjuster>\n\t\t\t\t\t<sr7-content>\n\t\t\t\t\t\t<sr7-slide id=\"SR7_100_1-250\" data-key=\"250\">\n\t\t\t\t\t\t<\/sr7-slide>\n\t\t\t\t\t\t<sr7-slide id=\"SR7_100_1-251\" data-key=\"251\">\n\t\t\t\t\t\t<\/sr7-slide>\n\t\t\t\t\t<\/sr7-content>\n\t\t\t\t\t<image_lists style=\"display:none\">\n\t\t\t\t\t\t<img decoding=async data-opt-id=1296753779  fetchpriority=\"high\" data-src=\"https:\/\/mlpeimtmgped.i.optimole.com\/w:auto\/h:auto\/q:mauto\/ig:avif\/https:\/\/via3l.eu\/wp-content\/uploads\/2025\/12\/Iso_withoutQR-ISO-14001.png\" data-libid=\"17698\" data-lib=\"medialibrary\" alt=\"Iso without QR 14001\" title=\"Iso without QR 14001\" width=\"0\" height=\"0\" data-dbsrc=\"Ly92aWEzbC5ldS93cC1jb250ZW50L3VwbG9hZHMvMjAyNS8xMi9Jc29fd2l0aG91dFFSLUlTTy0xNDAwMS5wbmc=\"\/>\n\t\t\t\t\t\t<img decoding=async data-opt-id=2081606070  fetchpriority=\"high\" data-src=\"https:\/\/mlpeimtmgped.i.optimole.com\/w:auto\/h:auto\/q:mauto\/ig:avif\/https:\/\/via3l.eu\/wp-content\/uploads\/2026\/02\/ISO_withoutQR-ISO-9001.png\" data-libid=\"17873\" data-lib=\"medialibrary\" alt=\"ISO Via 3L 9001\" title=\"ISO Via 3L 9001\" width=\"0\" height=\"0\" data-dbsrc=\"Ly92aWEzbC5ldS93cC1jb250ZW50L3VwbG9hZHMvMjAyNi8wMi9JU09fd2l0aG91dFFSLUlTTy05MDAxLnBuZw==\"\/>\n\t\t\t\t\t<\/image_lists>\n\t\t\t\t<\/sr7-module>\n\t\t\t\t<script>\n\t\t\t\t\tSR7.PMH ??={}; SR7.PMH[\"SR7_100_1\"] = {cn:100,state:false,fn: function() { if (_tpt!==undefined && _tpt.prepareModuleHeight !== undefined) {  _tpt.prepareModuleHeight({id:\"SR7_100_1\",el:[150,150,150,150,300],type:'standard',shdw:'0',gh:[150,150,150,150,300],gw:[1240,1240,1240,1240,480],vpt:['-200px&#039;,&#039;-200px&#039;,&#039;-200px&#039;,&#039;-200px&#039;,&#039;-200px'],size:{fullWidth:false, fullHeight:false},mh:'0',onh:0,onw:0,bg:{color:'{\"orig\":\"transparent\",\"type\":\"solid\",\"string\":\"transparent\"}'}});   SR7.PMH[\"SR7_100_1\"].state=true;} else if(SR7.PMH[\"SR7_100_1\"].cn-->0)\tsetTimeout( SR7.PMH[\"SR7_100_1\"].fn,19);}};SR7.PMH[\"SR7_100_1\" ].fn();\n\t\t\t\t<\/script>\n[\/vc_column][\/vc_row]<\/p>\n<\/div>","protected":false},"excerpt":{"rendered":"<p>[vc_row][vc_column][vc_tta_tour style=&#8221;modern&#8221; shape=&#8221;square&#8221; color=&#8221;green&#8221; spacing=&#8221;3&#8243; alignment=&#8221;center&#8221; controls_size=&#8221;md&#8221; active_section=&#8221;1&#8243;][vc_tta_section title=&#8221;Logo .jpg&#8221; tab_id=&#8221;1584024210825-c8bc3b88-f472&#8243;][vc_single_image source=&#8221;featured_image&#8221; alignment=&#8221;center&#8221; onclick=&#8221;custom_link&#8221; img_link_target=&#8221;_blank&#8221; css=&#8221;.vc_custom_1603197328235{padding-top: 30px !important;padding-left: 30px !important;}&#8221; link=&#8221;https:\/\/mlpeimtmgped.i.optimole.com\/w:auto\/h:auto\/q:mauto\/ig:avif\/https:\/\/via3l.eu\/wp-content\/uploads\/2020\/03\/Via_3l_logo_download.jpg&#8221;][\/vc_tta_section][vc_tta_section title=&#8221;Logo .png&#8221; tab_id=&#8221;1584024210838-cb979dcd-842f&#8221;][vc_single_image source=&#8221;featured_image&#8221; alignment=&#8221;center&#8221; onclick=&#8221;custom_link&#8221; img_link_target=&#8221;_blank&#8221; css=&#8221;.vc_custom_1603197315815{padding-top: 30px !important;padding-left: 30px !important;}&#8221;&#8230;<\/p>\n","protected":false},"author":2,"featured_media":2689,"parent":11484,"menu_order":0,"comment_status":"closed","ping_status":"closed","template":"","meta":{"footnotes":""},"class_list":["post-5598","page","type-page","status-publish","has-post-thumbnail","hentry"],"_links":{"self":[{"href":"https:\/\/via3l.eu\/lv\/wp-json\/wp\/v2\/pages\/5598","targetHints":{"allow":["GET"]}}],"collection":[{"href":"https:\/\/via3l.eu\/lv\/wp-json\/wp\/v2\/pages"}],"about":[{"href":"https:\/\/via3l.eu\/lv\/wp-json\/wp\/v2\/types\/page"}],"author":[{"embeddable":true,"href":"https:\/\/via3l.eu\/lv\/wp-json\/wp\/v2\/users\/2"}],"replies":[{"embeddable":true,"href":"https:\/\/via3l.eu\/lv\/wp-json\/wp\/v2\/comments?post=5598"}],"version-history":[{"count":0,"href":"https:\/\/via3l.eu\/lv\/wp-json\/wp\/v2\/pages\/5598\/revisions"}],"up":[{"embeddable":true,"href":"https:\/\/via3l.eu\/lv\/wp-json\/wp\/v2\/pages\/11484"}],"wp:featuredmedia":[{"embeddable":true,"href":"https:\/\/via3l.eu\/lv\/wp-json\/wp\/v2\/media\/2689"}],"wp:attachment":[{"href":"https:\/\/via3l.eu\/lv\/wp-json\/wp\/v2\/media?parent=5598"}],"curies":[{"name":"wp","href":"https:\/\/api.w.org\/{rel}","templated":true}]}}