{"id":9022,"date":"2022-11-30T16:20:07","date_gmt":"2022-11-30T14:20:07","guid":{"rendered":"https:\/\/via3l.eu\/?page_id=9022"},"modified":"2024-05-14T16:45:27","modified_gmt":"2024-05-14T13:45:27","slug":"akcizes-noliktavas-pakalpojumi","status":"publish","type":"page","link":"https:\/\/via3l.eu\/lv\/akcizes-noliktavas-pakalpojumi\/","title":{"rendered":"Akc\u012bzes pre\u010du noliktava"},"content":{"rendered":"<div class=\"wpb-content-wrapper\"><p>[vc_row content_placement=&#8221;middle&#8221;][vc_column width=&#8221;1\/2&#8243;][vc_custom_heading text=&#8221;Akc\u012bzes noliktavas pakalpojumi&#8221; use_theme_fonts=&#8221;yes&#8221; css=&#8221;&#8221; link=&#8221;url:https%3A%2F%2Fvia3l.eu%2Flv%2Faizpildi-pieteikumu%2F|title:Akc%C4%ABzes%20noliktavas%20serviss&#8221;][vc_column_text css=&#8221;&#8221;]Mums k\u0101 <strong>akc\u012bzes pre\u010du noliktavas<\/strong> tur\u0113t\u0101jam ir visas nepiecie\u0161am\u0101s licences pre\u010du sa\u0146em\u0161anai, uzglab\u0101\u0161anai, nos\u016bt\u012b\u0161anai un izlai\u0161anai br\u012bvam pat\u0113ri\u0146am. <strong>Atvieglotaj\u0101 nodok\u013cu re\u017e\u012bm\u0101<\/strong>, nodro\u0161inot visas atskaites, m\u0113s garant\u0113jam turpm\u0101ko nodok\u013cu saist\u012bbu izpildi m\u016bsu klientu v\u0101rd\u0101.<\/p>\n<p>P\u0113c preces \u012bpa\u0161nieka piepras\u012bjuma nodro\u0161in\u0101m <strong>pilnu akc\u012bzes marku aprites proced\u016bru<\/strong> un veicam akc\u012bzes marku <strong>mar\u0137\u0113\u0161anu<\/strong>. Akc\u012bzes mark\u0101m tiek veikta <strong>stingra uzskaite ar \u012bpa\u0161u r\u016bp\u012bbu un precizit\u0101ti <\/strong>sagatavoti p\u0101rskati un atskaites, k\u0101 ar\u012b apr\u0113\u0137in\u0101s iesp\u0113jamais nodoklis un apmaks\u0101ts. Gan akc\u012bzes marku, gan noliktav\u0101 eso\u0161o pre\u010du transport\u0113\u0161anu un uzglab\u0101\u0161anu sedz attiec\u012bg\u0101 apdro\u0161in\u0101\u0161ana.<\/p>\n<p>M\u0113s esam lepni, ka esam akc\u012bzes pre\u010du noliktavas pakalpojumu sniedz\u0113js un <strong>partneris<\/strong> daudziem pasaul\u0113 paz\u012bstamiem stipro alkoholisko dz\u0113rienu z\u012bmoliem jau vair\u0101k nek\u0101 10 gadus.[\/vc_column_text][vc_empty_space][\/vc_column][vc_column width=&#8221;1\/2&#8243;][vc_single_image image=&#8221;10355&#8243; img_size=&#8221;large&#8221; css=&#8221;.vc_custom_1695622414511{background-position: center !important;background-repeat: no-repeat !important;background-size: cover !important;}&#8221;][vc_empty_space][vc_custom_heading text=&#8221;Muitas pakalpojumi&#8221; use_theme_fonts=&#8221;yes&#8221; css=&#8221;&#8221;][vc_column_text css=&#8221;&#8221;]Klienta uzdevum\u0101 veicam pre\u010du muitas formalit\u0101tes atbilsto\u0161i piem\u0113rojamai proced\u016brai.[\/vc_column_text][\/vc_column][\/vc_row][vc_row css=&#8221;.vc_custom_1575466977698{background-position: center !important;background-repeat: no-repeat !important;background-size: cover !important;}&#8221;][vc_column][vc_column_text]<\/p>\n<ul>\n<li>Pre\u010du pie\u0146em\u0161ana un izplat\u012b\u0161ana<\/li>\n<li>Akc\u012bzes produktu uzglab\u0101\u0161ana<\/li>\n<li>Akc\u012bzes nodok\u013ca apr\u0113\u0137in\u0101\u0161ana<\/li>\n<li>Licenc\u0113tas vietas uzglab\u0101\u0161anas noliktav\u0101<\/li>\n<li>Pre\u010du uz\u0146em\u0161ana noliktav\u0101 un atskai\u0161u sagatavo\u0161ana<\/li>\n<li>Ien\u0101ko\u0161o produktu kontrole sa\u0146em\u0161anas br\u012bd\u012b<\/li>\n<li>Uzl\u012bmju sagatavo\u0161ana un pas\u016bt\u012b\u0161ana p\u0113c partnera piepras\u012bjuma<\/li>\n<li>Stingra akc\u012bzes marku uzskaite un glab\u0101\u0161ana<\/li>\n<li>Produktu apl\u012bm\u0113\u0161ana ar akc\u012bzes mark\u0101m un uzl\u012bm\u0113m<\/li>\n<li>Akc\u012bzes marku interv\u0101lu noteik\u0161ana<\/li>\n<li>Stingra paveikto darbu kontrole<\/li>\n<li>Produktu apdro\u0161in\u0101\u0161ana<\/li>\n<\/ul>\n<p>[\/vc_column_text][vc_column_text][\/vc_column_text][\/vc_column][\/vc_row][vc_row][vc_column][\/vc_column][\/vc_row][vc_section][vc_row][vc_column][vc_empty_space][\/vc_column][\/vc_row][vc_row full_width=&#8221;stretch_row&#8221; css=&#8221;.vc_custom_1670163318310{background-image: url(https:\/\/mlpeimtmgped.i.optimole.com\/w:auto\/h:auto\/q:mauto\/ig:avif\/https:\/\/via3l.eu\/wp-content\/uploads\/2021\/03\/Via3L-vesitaust_sinine_original.png?id=8194) !important;}&#8221;][vc_column]\n\t\t\t\t<p class=\"rs-p-wp-fix\"><\/p>\n\t\t\t\t<sr7-module data-alias=\"excise-customer-references-lv-1\" data-id=\"53\" id=\"SR7_53_1\" class=\"rs-ov-hidden\" data-version=\"6.7.34\">\n\t\t\t\t\t<sr7-adjuster><\/sr7-adjuster>\n\t\t\t\t\t<sr7-content>\n\t\t\t\t\t\t<sr7-carousel>\n\t\t\t\t\t\t<sr7-slide id=\"SR7_53_1-87\" data-key=\"87\">\n\t\t\t\t\t\t<\/sr7-slide>\n\t\t\t\t\t\t<sr7-slide id=\"SR7_53_1-192\" data-key=\"192\">\n\t\t\t\t\t\t<\/sr7-slide>\n\t\t\t\t\t\t<\/sr7-carousel>\n\t\t\t\t\t<\/sr7-content>\n\t\t\t\t\t<image_lists style=\"display:none\">\n\t\t\t\t\t\t<img decoding=async data-opt-id=154395385  fetchpriority=\"high\" data-src=\"https:\/\/mlpeimtmgped.i.optimole.com\/w:auto\/h:auto\/q:mauto\/ig:avif\/https:\/\/via3l.eu\/wp-content\/uploads\/2020\/12\/Lidl_logo.png\" data-libid=\"7291\" data-lib=\"medialibrary\" alt=\"Lidl logo\" title=\"Lidl logo\" width=\"0\" height=\"0\" data-dbsrc=\"Ly92aWEzbC5ldS93cC1jb250ZW50L3VwbG9hZHMvMjAyMC8xMi9MaWRsX2xvZ28ucG5n\"\/>\n\t\t\t\t\t\t<img decoding=async data-opt-id=672639300  fetchpriority=\"high\" data-src=\"https:\/\/mlpeimtmgped.i.optimole.com\/w:auto\/h:auto\/q:mauto\/ig:avif\/https:\/\/via3l.eu\/wp-content\/uploads\/2020\/03\/prike.png\" data-libid=\"5460\" alt=\"prike_logo\" title=\"prike\" width=\"0\" height=\"0\" data-dbsrc=\"Ly92aWEzbC5ldS93cC1jb250ZW50L3VwbG9hZHMvMjAyMC8wMy9wcmlrZS5wbmc=\"\/>\n\t\t\t\t\t\t<img decoding=async data-opt-id=407105231  fetchpriority=\"high\" data-src=\"https:\/\/mlpeimtmgped.i.optimole.com\/w:auto\/h:auto\/q:mauto\/ig:avif\/https:\/\/via3l.eu\/wp-content\/uploads\/2020\/03\/Liviko.png\" data-libid=\"5456\" alt=\"liviko_logo\" title=\"Liviko\" width=\"0\" height=\"0\" data-dbsrc=\"Ly92aWEzbC5ldS93cC1jb250ZW50L3VwbG9hZHMvMjAyMC8wMy9MaXZpa28ucG5n\"\/>\n\t\t\t\t\t\t<img decoding=async data-opt-id=1826881090  fetchpriority=\"high\" data-src=\"https:\/\/mlpeimtmgped.i.optimole.com\/w:auto\/h:auto\/q:mauto\/ig:avif\/https:\/\/via3l.eu\/wp-content\/uploads\/2020\/07\/coca-cola-cchbc-country-mark-baltics.jpg\" data-libid=\"5782\" data-lib=\"medialibrary\" alt=\"coca-cola logo\" title=\"coca-cola-cchbc-country-mark-baltics\" width=\"0\" height=\"0\" data-dbsrc=\"Ly92aWEzbC5ldS93cC1jb250ZW50L3VwbG9hZHMvMjAyMC8wNy9jb2NhLWNvbGEtY2NoYmMtY291bnRyeS1tYXJrLWJhbHRpY3MuanBn\"\/>\n\t\t\t\t\t\t<img decoding=async data-opt-id=692072864  fetchpriority=\"high\" data-src=\"https:\/\/mlpeimtmgped.i.optimole.com\/w:auto\/h:auto\/q:mauto\/ig:avif\/https:\/\/via3l.eu\/wp-content\/uploads\/2020\/07\/nml_square.jpg\" data-libid=\"5799\" data-lib=\"medialibrary\" title=\"nml_square\" width=\"0\" height=\"0\" data-dbsrc=\"Ly92aWEzbC5ldS93cC1jb250ZW50L3VwbG9hZHMvMjAyMC8wNy9ubWxfc3F1YXJlLmpwZw==\"\/>\n\t\t\t\t\t\t<img decoding=async data-opt-id=2042289423  fetchpriority=\"high\" data-src=\"https:\/\/mlpeimtmgped.i.optimole.com\/w:auto\/h:auto\/q:mauto\/ig:avif\/https:\/\/via3l.eu\/wp-content\/uploads\/2020\/07\/momentin-latvia.jpg\" data-libid=\"5795\" data-lib=\"medialibrary\" alt=\"momentin-logo\" title=\"momentin-latvia\" width=\"0\" height=\"0\" data-dbsrc=\"Ly92aWEzbC5ldS93cC1jb250ZW50L3VwbG9hZHMvMjAyMC8wNy9tb21lbnRpbi1sYXR2aWEuanBn\"\/>\n\t\t\t\t\t<\/image_lists>\n\t\t\t\t<\/sr7-module>\n\t\t\t\t<script>\n\t\t\t\t\tSR7.PMH ??={}; SR7.PMH[\"SR7_53_1\"] = {cn:100,state:false,fn: function() { if (_tpt!==undefined && _tpt.prepareModuleHeight !== undefined) {  _tpt.prepareModuleHeight({id:\"SR7_53_1\",el:[200,200,160,130,80],type:'carousel',shdw:'0',gh:[200,200,160,130,80],gw:[1240,1240,1024,778,480],vpt:['-200px&#039;,&#039;-200px&#039;,&#039;-200px&#039;,&#039;-200px&#039;,&#039;-200px'],size:{fullWidth:false, fullHeight:false},mh:'0',onh:0,onw:0,bg:{color:'{\"orig\":\"transparent\",\"type\":\"solid\",\"string\":\"transparent\"}'},carousel:{pt:'0',pb:'0'},plType:'0',plColor:'#FFFFFF'});   SR7.PMH[\"SR7_53_1\"].state=true;} else if(SR7.PMH[\"SR7_53_1\"].cn-->0)\tsetTimeout( SR7.PMH[\"SR7_53_1\"].fn,19);}};SR7.PMH[\"SR7_53_1\" ].fn();\n\t\t\t\t<\/script>\n[\/vc_column][\/vc_row][\/vc_section][vc_row content_placement=&#8221;middle&#8221;][vc_column][vc_separator border_width=&#8221;2&#8243; css=&#8221;.vc_custom_1575469602785{padding-top: 10px !important;padding-bottom: 10px !important;}&#8221;][vc_custom_heading text=&#8221;Sa\u0146emt pied\u0101v\u0101jumu&#8221; font_container=&#8221;tag:h2|text_align:center&#8221; use_theme_fonts=&#8221;yes&#8221; link=&#8221;url:https%3A%2F%2Fvia3l.eu%2Flv%2Faizpildi-pieteikumu%2F|title:Akc%C4%ABzes%20noliktavas%20serviss&#8221;][vc_separator border_width=&#8221;2&#8243; css=&#8221;.vc_custom_1575469636528{padding-top: 10px !important;padding-bottom: 10px !important;}&#8221;][\/vc_column][\/vc_row][vc_row equal_height=&#8221;yes&#8221;][vc_column css=&#8221;.vc_custom_1600075126962{margin-top: 0px !important;margin-bottom: 0px !important;}&#8221;][vc_empty_space][vc_row_inner][vc_column_inner width=&#8221;1\/2&#8243;][vc_column_text]<\/p>\n<p class=\"p1\" style=\"text-align: center;\"><span class=\"s1\">Krist\u012bne Verza<br \/>\n<\/span><span class=\"s1\">Komercdepartamenta vad\u012bt\u0101js<br \/>\n<\/span><span class=\"s1\">Latvija<br \/>\n<\/span><a href=\"tel:+37126412414\">+37126412414<\/a><br \/>\n<span class=\"s3\"><a href=\"mailto:Kristine.verza@via3l.lv\"><span class=\"s4\">Kristine.verza@via3l.lv<\/span><\/a><\/span><\/p>\n<p class=\"p4\" style=\"text-align: center;\"><span class=\"s5\"> SIA Via 3L Latvia<br \/>\n<a href=\"https:\/\/www.linkedin.com\/in\/krist%C4%ABne-verza-575034234\/\" target=\"_blank\" rel=\"noopener noreferrer nofollow\">LinkedIn<\/a><\/span><\/p>\n<p>[\/vc_column_text][vc_empty_space][vc_separator][\/vc_column_inner][vc_column_inner width=&#8221;1\/2&#8243;][vc_column_text]<\/p>\n<p class=\"p1\" style=\"text-align: center;\"><span class=\"s1\">Kamilija Kalvaityt\u0117<br \/>\n<\/span><span class=\"s1\">Komercnoda\u013cas vad\u012bt\u0101js<br \/>\n<\/span><span class=\"s1\">Lietuva<br \/>\n<\/span><a href=\"tel:+37062692794\">+37062692794<\/a><br \/>\n<span class=\"s3\"><a href=\"mailto:kamilija.kalvaityte@via3l.eu\"><span class=\"s4\">kamilija.kalvaityte@via3l.eu<\/span><\/a><\/span><\/p>\n<p class=\"p4\" style=\"text-align: center;\"><span class=\"s5\">Via 3L LT UAB<br \/>\n<a href=\"https:\/\/www.linkedin.com\/in\/kamilija-kalvaityt%C4%97-725841ab\/\" target=\"_blank\" rel=\"noopener noreferrer nofollow\">LinkedIn<\/a><\/span><\/p>\n<p>[\/vc_column_text][vc_empty_space][vc_separator][\/vc_column_inner][\/vc_row_inner][vc_row_inner][vc_column_inner width=&#8221;1\/3&#8243;][vc_column_text]<\/p>\n<p class=\"p1\" style=\"text-align: center;\"><span class=\"s1\">Sven Raismaa<br \/>\n<\/span><span class=\"s1\">P\u0101rdo\u0161anas direktors<br \/>\n<\/span><span class=\"s1\">Igaunija<br \/>\n<\/span><a href=\"tel:+3725270300\">+3725270300<\/a><br \/>\n<span class=\"s3\"><a href=\"mailto:sven.raismaa@via3l.eu\"><span class=\"s4\">sven.raismaa@via3l.eu<\/span><\/a><\/span><\/p>\n<p class=\"p4\" style=\"text-align: center;\"><span class=\"s5\">Via 3L O\u00dc<br \/>\n<a href=\"https:\/\/www.linkedin.com\/in\/sven-raismaa-7b1048113\/\" target=\"_blank\" rel=\"noopener noreferrer nofollow\">LinkedIn<\/a><\/span><\/p>\n<p>[\/vc_column_text][vc_empty_space][vc_separator][\/vc_column_inner][vc_column_inner width=&#8221;1\/3&#8243;][vc_column_text]<\/p>\n<p class=\"p1\" style=\"text-align: center;\"><span class=\"s1\">Raili Sell<br \/>\n<\/span><span class=\"s1\">P\u0101rdo\u0161anas vad\u012bt\u0101js<br \/>\n<\/span><span class=\"s1\">Igaunija<br \/>\n<\/span><a href=\"tel:+37256468469\">+37256468469<\/a><br \/>\n<span class=\"s3\"><a href=\"mailto:raili.sell@via3l.eu\"><span class=\"s4\">raili.sell@via3l.eu<\/span><\/a><\/span><\/p>\n<p class=\"p4\" style=\"text-align: center;\"><span class=\"s5\">Via 3L O\u00dc<br \/>\n<a href=\"https:\/\/www.linkedin.com\/in\/raili-sell-62bb6320a\/\" target=\"_blank\" rel=\"noopener noreferrer nofollow\">LinkedIn<\/a><\/span><\/p>\n<p>[\/vc_column_text][vc_empty_space][vc_separator][\/vc_column_inner][vc_column_inner width=&#8221;1\/3&#8243;][vc_column_text]<\/p>\n<p class=\"p1\" style=\"text-align: center;\"><span class=\"s1\">Diana V\u00e4ljak<br \/>\n<\/span><span class=\"s1\">P\u0101rdo\u0161anas direktors<br \/>\n<\/span><span class=\"s1\">Igaunija<br \/>\n<\/span><a href=\"tel:+37255538012\">+37255538012<\/a><br \/>\n<span class=\"s3\"><a href=\"mailto:diana.valjak@via3l.eu\"><span class=\"s4\">diana.valjak@via3l.eueu<\/span><\/a><\/span><\/p>\n<p class=\"p4\" style=\"text-align: center;\"><span class=\"s5\"> Via 3L Freight Ltd<br \/>\n<a href=\"https:\/\/www.linkedin.com\/in\/diana-v%C3%A4ljak-91b8961a2\/\" target=\"_blank\" rel=\"noopener noreferrer nofollow\">LinkedIn<\/a><\/span><\/p>\n<p>[\/vc_column_text][vc_empty_space][vc_separator][\/vc_column_inner][\/vc_row_inner][\/vc_column][\/vc_row][vc_row full_width=&#8221;stretch_row_content&#8221;][vc_column][vc_custom_heading text=&#8221;Via 3L Latvia SIA atra\u0161an\u0101s vieta un grupas m\u0101sas uz\u0146\u0113mumi&#8221; font_container=&#8221;tag:h2|text_align:center&#8221; use_theme_fonts=&#8221;yes&#8221;][vc_raw_html]PGlmcmFtZSBzcmM9Imh0dHBzOi8vc25henp5bWFwcy5jb20vZW1iZWQvNTkwODI1IiB3aWR0aD0iMTAwJSIgaGVpZ2h0PSI2MDBweCIgc3R5bGU9ImJvcmRlcjpub25lOyI+PC9pZnJhbWU+[\/vc_raw_html][\/vc_column][\/vc_row]<\/p>\n<\/div>","protected":false},"excerpt":{"rendered":"<p>[vc_row content_placement=&#8221;middle&#8221;][vc_column width=&#8221;1\/2&#8243;][vc_custom_heading text=&#8221;Akc\u012bzes noliktavas pakalpojumi&#8221; use_theme_fonts=&#8221;yes&#8221; css=&#8221;&#8221; link=&#8221;url:https%3A%2F%2Fvia3l.eu%2Flv%2Faizpildi-pieteikumu%2F|title:Akc%C4%ABzes%20noliktavas%20serviss&#8221;][vc_column_text css=&#8221;&#8221;]Mums k\u0101 akc\u012bzes pre\u010du noliktavas tur\u0113t\u0101jam ir visas nepiecie\u0161am\u0101s licences pre\u010du sa\u0146em\u0161anai, uzglab\u0101\u0161anai, nos\u016bt\u012b\u0161anai un izlai\u0161anai br\u012bvam pat\u0113ri\u0146am. Atvieglotaj\u0101 nodok\u013cu re\u017e\u012bm\u0101, nodro\u0161inot visas atskaites,&#8230;<\/p>\n","protected":false},"author":2,"featured_media":0,"parent":0,"menu_order":6,"comment_status":"closed","ping_status":"closed","template":"","meta":{"footnotes":""},"class_list":["post-9022","page","type-page","status-publish","hentry"],"_links":{"self":[{"href":"https:\/\/via3l.eu\/lv\/wp-json\/wp\/v2\/pages\/9022","targetHints":{"allow":["GET"]}}],"collection":[{"href":"https:\/\/via3l.eu\/lv\/wp-json\/wp\/v2\/pages"}],"about":[{"href":"https:\/\/via3l.eu\/lv\/wp-json\/wp\/v2\/types\/page"}],"author":[{"embeddable":true,"href":"https:\/\/via3l.eu\/lv\/wp-json\/wp\/v2\/users\/2"}],"replies":[{"embeddable":true,"href":"https:\/\/via3l.eu\/lv\/wp-json\/wp\/v2\/comments?post=9022"}],"version-history":[{"count":0,"href":"https:\/\/via3l.eu\/lv\/wp-json\/wp\/v2\/pages\/9022\/revisions"}],"wp:attachment":[{"href":"https:\/\/via3l.eu\/lv\/wp-json\/wp\/v2\/media?parent=9022"}],"curies":[{"name":"wp","href":"https:\/\/api.w.org\/{rel}","templated":true}]}}