{"id":9073,"date":"2022-12-05T16:32:58","date_gmt":"2022-12-05T14:32:58","guid":{"rendered":"https:\/\/via3l.eu\/?page_id=9073"},"modified":"2024-06-27T10:11:11","modified_gmt":"2024-06-27T07:11:11","slug":"noliktavu-pakalpojumi","status":"publish","type":"page","link":"https:\/\/via3l.eu\/lv\/noliktavu-pakalpojumi\/","title":{"rendered":"Noliktavu pakalpojumi"},"content":{"rendered":"<div class=\"wpb-content-wrapper\"><p>[vc_row][vc_column][vc_column_text css_animation=&#8221;none&#8221; css=&#8221;&#8221;]<\/p>\n<h1 style=\"text-align: left;\">NOLIKTAVAS PAKALPOJUMI<\/h1>\n<p style=\"text-align: left;\">A klases MUITAS, AKC\u012aZES un VAIRUMTIRDZNIEC\u012aBAS NOLIKTAVA<\/p>\n<p style=\"text-align: left;\">Dro\u0161a uzglab\u0101\u0161ana, prec\u012bza ien\u0101ko\u0161o kravu, akc\u012bzes marku uzskaite, apstr\u0101de, apl\u012bm\u0113\u0161ana, anot\u0101ciju izgatavo\u0161ana, pre\u010du p\u0101rpako\u0161ana, pas\u016bt\u012bjumu atlas\u012b\u0161ana un pieg\u0101de noteikt\u0101 laik\u0101 un viet\u0101.<\/p>\n<p>&nbsp;<\/p>\n<p style=\"text-align: left;\">J\u016bsu preces tiek dro\u0161i uzglab\u0101tas kontrol\u0113t\u0101s noliktav\u0101s un akc\u012bzes vai muitas re\u017e\u012bmos. 95\u00a0000\u00a0kvm modernas apsarg\u0101tas telpas lab\u0101kaj\u0101s viet\u0101s <strong>Tallin\u0101, R\u012bg\u0101, Vi\u013c\u0146\u0101<\/strong> un <strong>Kau\u0146\u0101<\/strong> ir apr\u012bkotas, lai pied\u0101v\u0101tu vair\u0101kas uzglab\u0101\u0161anas iesp\u0113jas, s\u0101kot no parast\u0101s plauktu uzglab\u0101\u0161anas l\u012bdz plauktiem un s\u012bkpre\u010du vai lielapjoma risin\u0101jumiem.<\/p>\n<p style=\"text-align: left;\">EAN <strong>skenera<\/strong> tehnolo\u0123ija kop\u0101 ar piel\u0101gotu AX WMS sist\u0113mu nodro\u0161ina <strong>\u0101tras un prec\u012bzas<\/strong> ien\u0101ko\u0161\u0101s un izejo\u0161\u0101s darb\u012bbas. Visi fiziskie dar\u012bjumi tiek fiks\u0113ti sist\u0113m\u0101 un videonov\u0113ro\u0161ana \u013cauj viegli izsekot pre\u010du kust\u012bbu.<\/p>\n<p style=\"text-align: left;\"><a href=\"https:\/\/via3l.eu\/lv\/it-nodrosinajums\/\"><strong>EDI integr\u0101cija<\/strong><\/a> sniegs piln\u012bgu redzam\u012bbu j\u016bsu <strong>pre\u010du kust\u012bbai<\/strong> no pieg\u0101d\u0101t\u0101jiem l\u012bdz klientiem. Past\u0101v integr\u0101cija ar liel\u0101kaj\u0101m FMCG tirdzniec\u012bbas viet\u0101m Baltij\u0101.<\/p>\n<p>[\/vc_column_text][\/vc_column][\/vc_row][vc_row css=&#8221;.vc_custom_1575469658349{padding-top: 32px !important;}&#8221;][vc_column width=&#8221;1\/3&#8243;][vc_single_image image=&#8221;4094&#8243; img_size=&#8221;large&#8221; css=&#8221;.vc_custom_1575466963092{background-position: center !important;background-repeat: no-repeat !important;background-size: cover !important;}&#8221;][vc_column_text css=&#8221;&#8221;]<\/p>\n<ul>\n<li>Pie\u0146em\u0161ana p\u0113c artikuliem \/ lot numuriem \/ der\u012bgumu termi\u0146iem<\/li>\n<li>Izvietojuma pl\u0101no\u0161ana p\u0113c lo\u0123istikas datiem<\/li>\n<li>Ilgtermi\u0146a \/ \u012bstermi\u0146a uzglab\u0101\u0161ana<\/li>\n<li>Apl\u012bm\u0113\u0161ana un komplektu veido\u0161ana, p\u0101rpako\u0161ana<\/li>\n<li>Pre\u010du atlas\u012b\u0161ana p\u0113c FEFO, FIFO, Lot<\/li>\n<li>Pas\u016bt\u012bjumu konsolid\u0113\u0161ana pieg\u0101d\u0113m Latvij\u0101, Lietuv\u0101 un Igaunij\u0101<\/li>\n<li>Atgriezto pre\u010du pie\u0146em\u0161ana<\/li>\n<\/ul>\n<p>[\/vc_column_text][\/vc_column][vc_column width=&#8221;1\/3&#8243;][vc_single_image image=&#8221;5297&#8243; img_size=&#8221;large&#8221; css=&#8221;.vc_custom_1670315769156{background-position: center !important;background-repeat: no-repeat !important;background-size: cover !important;}&#8221;][vc_column_text]<\/p>\n<ul>\n<li>Uzglab\u0101\u0161ana mezan\u012bnos un pale\u0161u uzglab\u0101\u0161anas plauktu sist\u0113m\u0101s<\/li>\n<li>Pre\u010du atlase gabalos, iepakojumos, piln\u0101s palet\u0113s vai piln\u0101s palet\u0113s<\/li>\n<li>E-vaikalu apkalpo\u0161ana<\/li>\n<li>Muitas statusa pre\u010du apkalpo\u0161ana<\/li>\n<li>Muitas deklar\u0101ciju sagatavo\u0161ana<\/li>\n<li>Akc\u012bzes pre\u010du apstr\u0101de atliktaj\u0101 PVN re\u017e\u012bm\u0101<\/li>\n<\/ul>\n<p>[\/vc_column_text][\/vc_column][vc_column width=&#8221;1\/3&#8243;][vc_single_image image=&#8221;5301&#8243; img_size=&#8221;large&#8221; css=&#8221;.vc_custom_1670315794600{background-position: center !important;background-repeat: no-repeat !important;background-size: cover !important;}&#8221;][vc_column_text]<\/p>\n<ul>\n<li>Kr\u0101jumu vad\u012bba un administr\u0113\u0161ana<\/li>\n<li>Pas\u016bt\u012bjumu pieg\u0101\u017eu pl\u0101no\u0161ana<\/li>\n<li>Anot\u0101ciju maketa izstr\u0101de, piel\u0101go\u0161ana<\/li>\n<li>Kvalit\u0101tes un KPI ikdienas uzraudz\u012bba<\/li>\n<li>WMS sist\u0113ma Axapta<\/li>\n<li>Klientu port\u0101ls pre\u010du kust\u012bbas p\u0101rraudz\u012bbai un atlikumu uzraudz\u012bbai<\/li>\n<li>Datu apmai\u0146a elektronisko pas\u016bt\u012bjumu pie\u0146em\u0161anai un apstr\u0101dei<\/li>\n<\/ul>\n<p>[\/vc_column_text][\/vc_column][\/vc_row][vc_row content_placement=&#8221;middle&#8221;][vc_column][vc_separator border_width=&#8221;2&#8243; css=&#8221;.vc_custom_1575469602785{padding-top: 10px !important;padding-bottom: 10px !important;}&#8221;][vc_empty_space][vc_btn title=&#8221;Piepras\u012bt cenu&#8221; color=&#8221;green&#8221; size=&#8221;lg&#8221; align=&#8221;center&#8221; i_icon_fontawesome=&#8221;stm-arrow-next&#8221; css=&#8221;&#8221; add_icon=&#8221;true&#8221; link=&#8221;url:https%3A%2F%2Fvia3l.eu%2Flv%2Fpieprasit-cenu%2F|title:Aizpildi%20pieteikumu&#8221;][vc_separator border_width=&#8221;2&#8243; css=&#8221;.vc_custom_1575469636528{padding-top: 10px !important;padding-bottom: 10px !important;}&#8221;][\/vc_column][\/vc_row][vc_column][\/vc_column]<\/p>\n<\/div>","protected":false},"excerpt":{"rendered":"<p>[vc_row][vc_column][vc_column_text css_animation=&#8221;none&#8221; css=&#8221;&#8221;] NOLIKTAVAS PAKALPOJUMI A klases MUITAS, AKC\u012aZES un VAIRUMTIRDZNIEC\u012aBAS NOLIKTAVA Dro\u0161a uzglab\u0101\u0161ana, prec\u012bza ien\u0101ko\u0161o kravu, akc\u012bzes marku uzskaite, apstr\u0101de, apl\u012bm\u0113\u0161ana, anot\u0101ciju izgatavo\u0161ana, pre\u010du p\u0101rpako\u0161ana, pas\u016bt\u012bjumu atlas\u012b\u0161ana un pieg\u0101de noteikt\u0101 laik\u0101 un&#8230;<\/p>\n","protected":false},"author":2,"featured_media":0,"parent":0,"menu_order":1,"comment_status":"closed","ping_status":"closed","template":"","meta":{"footnotes":""},"class_list":["post-9073","page","type-page","status-publish","hentry"],"_links":{"self":[{"href":"https:\/\/via3l.eu\/lv\/wp-json\/wp\/v2\/pages\/9073","targetHints":{"allow":["GET"]}}],"collection":[{"href":"https:\/\/via3l.eu\/lv\/wp-json\/wp\/v2\/pages"}],"about":[{"href":"https:\/\/via3l.eu\/lv\/wp-json\/wp\/v2\/types\/page"}],"author":[{"embeddable":true,"href":"https:\/\/via3l.eu\/lv\/wp-json\/wp\/v2\/users\/2"}],"replies":[{"embeddable":true,"href":"https:\/\/via3l.eu\/lv\/wp-json\/wp\/v2\/comments?post=9073"}],"version-history":[{"count":0,"href":"https:\/\/via3l.eu\/lv\/wp-json\/wp\/v2\/pages\/9073\/revisions"}],"wp:attachment":[{"href":"https:\/\/via3l.eu\/lv\/wp-json\/wp\/v2\/media?parent=9073"}],"curies":[{"name":"wp","href":"https:\/\/api.w.org\/{rel}","templated":true}]}}