{"id":9112,"date":"2022-12-15T13:20:46","date_gmt":"2022-12-15T11:20:46","guid":{"rendered":"https:\/\/via3l.eu\/?page_id=9112"},"modified":"2024-06-28T08:27:41","modified_gmt":"2024-06-28T05:27:41","slug":"transporta-pakalpojumi-un-piegades","status":"publish","type":"page","link":"https:\/\/via3l.eu\/lv\/transporta-pakalpojumi-un-piegades\/","title":{"rendered":"Transporta pakalpojumi"},"content":{"rendered":"<div class=\"wpb-content-wrapper\"><p>[vc_row css=&#8221;.vc_custom_1575466977698{background-position: center !important;background-repeat: no-repeat !important;background-size: cover !important;}&#8221;][vc_column width=&#8221;1\/2&#8243;][vc_custom_heading text=&#8221;PAS\u016aT\u012aJUMU PIEG\u0100DES LAIK\u0100 UN VIET\u0100&#8221; use_theme_fonts=&#8221;yes&#8221; css=&#8221;&#8221;][vc_column_text css=&#8221;&#8221;]Atkar\u012bb\u0101 no sezonas, dien\u0101 tiek atlas\u012bti vid\u0113ji 13000 pas\u016bt\u012bjumu, kas tiek konsolid\u0113t un iepl\u0101noti mar\u0161rutos p\u0113c Via 3L grafika uz vis\u0101m klientu pieg\u0101des viet\u0101m. <strong>Pieg\u0101d\u0101ts laik\u0101 un vajadz\u012bgaj\u0101 daudzum\u0101<\/strong> ir viens no svar\u012bg\u0101kajiem priek\u0161nosac\u012bjumiem teicamai lo\u0123istikai. T\u0101p\u0113c Via 3L r\u016bp\u012bgi seko l\u012bdzi ikdienas DIFOT r\u0101d\u012bt\u0101jiem (pieg\u0101d\u0101ts piln\u0101 apm\u0113r\u0101 (Delivered In Full) un pieg\u0101d\u0101ts laik\u0101 (Delivered On Time)), kas \u013cauj nodro\u0161in\u0101t <strong>augstu kvalit\u0101ti<\/strong> un izcilus KPI r\u0101d\u012bt\u0101jus.<\/p>\n<p>Via 3L transporta noda\u013ca ik dienu organiz\u0113 da\u017e\u0101da veida pieg\u0101des un analiz\u0113 to izpildi, nodro\u0161inot klientiem kvalitat\u012bvu un uzticamu pakalpojumu:<\/p>\n<ul>\n<li>Vair\u0101k k\u0101 40 regul\u0101rie mar\u0161ruti katru dienu<\/li>\n<li>Pieg\u0101des visos Latvijas re\u0123ionos, Lietuv\u0101 un Igaunij\u0101<\/li>\n<li>Pieg\u0101des uz distrib\u016bciju centriem un HoReCa<\/li>\n<li>Pieg\u0101des R\u012bg\u0101, R\u012bgas rajon\u0101 &#8211; 24h laik\u0101<\/li>\n<li>Pieg\u0101des p\u0101r\u0113j\u0101 Latvijas da\u013c\u0101 &#8211; 48h laik\u0101<\/li>\n<li>Kurjers\u016bt\u012bjumu pieteik\u0161ana<\/li>\n<li>\u0100rpus grafika pieg\u0101des<\/li>\n<li>Pieg\u0101des uz objektiem noteikt\u0101 laik\u0101<\/li>\n<li>Pieg\u0101des uz \u012bpa\u0161iem pas\u0101kumiem un festiv\u0101liem<\/li>\n<li>Konteineru pieg\u0101des no ostas uz Via 3L Latvia noliktavu<\/li>\n<li>Dokumentu un atgriezto pas\u016bt\u012bjumu organiz\u0113\u0161ana<\/li>\n<\/ul>\n<p>[\/vc_column_text][\/vc_column][vc_column width=&#8221;1\/2&#8243;][vc_single_image image=&#8221;4098&#8243; img_size=&#8221;large&#8221; css=&#8221;.vc_custom_1575538434084{background-position: center !important;background-repeat: no-repeat !important;background-size: cover !important;}&#8221;][vc_column_text css=&#8221;&#8221;]<\/p>\n<h2>CROSS-DOCK pas\u016bt\u012bjumi<\/h2>\n<p>[\/vc_column_text][vc_column_text css=&#8221;&#8221;]Via 3L Latvia mar\u0161ruti aptver visu Latviju un pieg\u0101des notiek uz visiem Latvijas veikaliem un distrib\u016bcijas centriem. L\u012bdz ar to pas\u016bt\u012bjumu konsolid\u0113\u0161ana dod iesp\u0113ju nog\u0101d\u0101t preci gala sa\u0146\u0113m\u0113jam <strong>par izdev\u012bg\u0101k\u0101m cen\u0101m<\/strong>.[\/vc_column_text][vc_column_text css=&#8221;&#8221;]<\/p>\n<h2>Starptautiskie kravu p\u0101rvad\u0101jumi<\/h2>\n<p>[\/vc_column_text][vc_column_text css=&#8221;&#8221;]Klientu \u0113rt\u012bb\u0101m organiz\u0113jam kravu p\u0101rvad\u0101jumus no ra\u017eot\u0101ja l\u012bdz m\u016bsu noliktavai, nodro\u0161inot ar\u012b pre\u010du atmuito\u0161anu. M\u016bsu uzdevums ir par\u016bp\u0113ties par klientu, nodro\u0161inot visa veida lo\u0123istikas risin\u0101jumiem.[\/vc_column_text][\/vc_column][\/vc_row][vc_row content_placement=&#8221;middle&#8221;][vc_column][vc_separator border_width=&#8221;2&#8243; css=&#8221;.vc_custom_1575469602785{padding-top: 10px !important;padding-bottom: 10px !important;}&#8221;][vc_custom_heading text=&#8221;Piepras\u012bt cenu&#8221; font_container=&#8221;tag:h3|text_align:center&#8221; use_theme_fonts=&#8221;yes&#8221; css=&#8221;&#8221; link=&#8221;url:https%3A%2F%2Fvia3l.eu%2Flv%2Fpieprasit-cenu%2F&#8221;][vc_empty_space][vc_separator border_width=&#8221;2&#8243; css=&#8221;.vc_custom_1575469636528{padding-top: 10px !important;padding-bottom: 10px !important;}&#8221;][\/vc_column][\/vc_row][vc_row][vc_column][vc_column_text]<\/p>\n<p style=\"text-align: center;\">SIA \u201cVIA 3L Latvia\u201d<br \/>\nLatgales iela 495, Rumbula, Stopi\u0146u pagasts, Ropa\u017eu novads, LV-2121, Latvia<br \/>\nRe\u0123 Nr. 40103609889<br \/>\nVAT Nr. LV 40103609889<br \/>\nAS SEB Bank<br \/>\nLV60 UNLA 0055 0005 0303 1[\/vc_column_text][\/vc_column][\/vc_row][vc_row full_width=&#8221;stretch_row_content&#8221;][vc_column][vc_raw_html]PGlmcmFtZSBzcmM9Imh0dHBzOi8vc25henp5bWFwcy5jb20vZW1iZWQvNTkwODI1IiB3aWR0aD0iMTAwJSIgaGVpZ2h0PSI2MDBweCIgc3R5bGU9ImJvcmRlcjpub25lOyI+PC9pZnJhbWU+[\/vc_raw_html][\/vc_column][\/vc_row]<\/p>\n<\/div>","protected":false},"excerpt":{"rendered":"<p>[vc_row css=&#8221;.vc_custom_1575466977698{background-position: center !important;background-repeat: no-repeat !important;background-size: cover !important;}&#8221;][vc_column width=&#8221;1\/2&#8243;][vc_custom_heading text=&#8221;PAS\u016aT\u012aJUMU PIEG\u0100DES LAIK\u0100 UN VIET\u0100&#8221; use_theme_fonts=&#8221;yes&#8221; css=&#8221;&#8221;][vc_column_text css=&#8221;&#8221;]Atkar\u012bb\u0101 no sezonas, dien\u0101 tiek atlas\u012bti vid\u0113ji 13000 pas\u016bt\u012bjumu, kas tiek konsolid\u0113t un iepl\u0101noti mar\u0161rutos p\u0113c Via&#8230;<\/p>\n","protected":false},"author":2,"featured_media":0,"parent":0,"menu_order":2,"comment_status":"closed","ping_status":"closed","template":"","meta":{"footnotes":""},"class_list":["post-9112","page","type-page","status-publish","hentry"],"_links":{"self":[{"href":"https:\/\/via3l.eu\/lv\/wp-json\/wp\/v2\/pages\/9112","targetHints":{"allow":["GET"]}}],"collection":[{"href":"https:\/\/via3l.eu\/lv\/wp-json\/wp\/v2\/pages"}],"about":[{"href":"https:\/\/via3l.eu\/lv\/wp-json\/wp\/v2\/types\/page"}],"author":[{"embeddable":true,"href":"https:\/\/via3l.eu\/lv\/wp-json\/wp\/v2\/users\/2"}],"replies":[{"embeddable":true,"href":"https:\/\/via3l.eu\/lv\/wp-json\/wp\/v2\/comments?post=9112"}],"version-history":[{"count":0,"href":"https:\/\/via3l.eu\/lv\/wp-json\/wp\/v2\/pages\/9112\/revisions"}],"wp:attachment":[{"href":"https:\/\/via3l.eu\/lv\/wp-json\/wp\/v2\/media?parent=9112"}],"curies":[{"name":"wp","href":"https:\/\/api.w.org\/{rel}","templated":true}]}}