{"id":9155,"date":"2022-12-19T10:24:29","date_gmt":"2022-12-19T08:24:29","guid":{"rendered":"https:\/\/via3l.eu\/?page_id=9155"},"modified":"2024-12-13T15:33:28","modified_gmt":"2024-12-13T13:33:28","slug":"vizija-un-misija","status":"publish","type":"page","link":"https:\/\/via3l.eu\/lv\/vizija-un-misija\/","title":{"rendered":"V\u012bzija un misija"},"content":{"rendered":"<div class=\"wpb-content-wrapper\"><p>[vc_row][vc_column width=&#8221;1\/3&#8243;][vc_single_image image=&#8221;12148&#8243; img_size=&#8221;large&#8221; css=&#8221;&#8221;][\/vc_column][vc_column width=&#8221;2\/3&#8243;][vc_custom_heading text=&#8221;V\u012aZIJA&#8221; font_container=&#8221;tag:h2|text_align:center&#8221; use_theme_fonts=&#8221;yes&#8221;][vc_column_text css=&#8221;&#8221;]<\/p>\n<p style=\"text-align: center;\"><strong>M\u0113s esam vado\u0161ais 3PL pakalpojumu sniedz\u0113js lo\u0123istikas un noliktavas pakalpojumu jom\u0101 Baltij\u0101<\/strong><\/p>\n<p>[\/vc_column_text][vc_custom_heading text=&#8221;MISIJA&#8221; font_container=&#8221;tag:h2|text_align:center&#8221; use_theme_fonts=&#8221;yes&#8221;][vc_column_text css=&#8221;&#8221;]<\/p>\n<p style=\"font-weight: 400; text-align: center;\">M\u0113s veidojam ilgtermi\u0146a sadarb\u012bbu, kas balst\u012bta uz darbinieku, klientu un partneru savstarp\u0113ju uztic\u0113\u0161anos, cie\u0146u un atv\u0113rt\u012bbu.<\/p>\n<p style=\"font-weight: 400; text-align: center;\">M\u0113s iev\u0113rojam savas iek\u0161\u0113j\u0101s vides politiku, lai ieinteres\u0113t\u0101s puses b\u016btu inform\u0113tas un uz\u0146\u0113muma m\u0113r\u0137i b\u016btu ilgtsp\u0113j\u012bgi.<\/p>\n<p>[\/vc_column_text][vc_empty_space][\/vc_column][\/vc_row]<\/p>\n<\/div>","protected":false},"excerpt":{"rendered":"<p>[vc_row][vc_column width=&#8221;1\/3&#8243;][vc_single_image image=&#8221;12148&#8243; img_size=&#8221;large&#8221; css=&#8221;&#8221;][\/vc_column][vc_column width=&#8221;2\/3&#8243;][vc_custom_heading text=&#8221;V\u012aZIJA&#8221; font_container=&#8221;tag:h2|text_align:center&#8221; use_theme_fonts=&#8221;yes&#8221;][vc_column_text css=&#8221;&#8221;] M\u0113s esam vado\u0161ais 3PL pakalpojumu sniedz\u0113js lo\u0123istikas un noliktavas pakalpojumu jom\u0101 Baltij\u0101 [\/vc_column_text][vc_custom_heading text=&#8221;MISIJA&#8221; font_container=&#8221;tag:h2|text_align:center&#8221; use_theme_fonts=&#8221;yes&#8221;][vc_column_text css=&#8221;&#8221;] M\u0113s veidojam ilgtermi\u0146a sadarb\u012bbu, kas balst\u012bta&#8230;<\/p>\n","protected":false},"author":2,"featured_media":0,"parent":0,"menu_order":0,"comment_status":"closed","ping_status":"closed","template":"","meta":{"footnotes":""},"class_list":["post-9155","page","type-page","status-publish","hentry"],"_links":{"self":[{"href":"https:\/\/via3l.eu\/lv\/wp-json\/wp\/v2\/pages\/9155","targetHints":{"allow":["GET"]}}],"collection":[{"href":"https:\/\/via3l.eu\/lv\/wp-json\/wp\/v2\/pages"}],"about":[{"href":"https:\/\/via3l.eu\/lv\/wp-json\/wp\/v2\/types\/page"}],"author":[{"embeddable":true,"href":"https:\/\/via3l.eu\/lv\/wp-json\/wp\/v2\/users\/2"}],"replies":[{"embeddable":true,"href":"https:\/\/via3l.eu\/lv\/wp-json\/wp\/v2\/comments?post=9155"}],"version-history":[{"count":0,"href":"https:\/\/via3l.eu\/lv\/wp-json\/wp\/v2\/pages\/9155\/revisions"}],"wp:attachment":[{"href":"https:\/\/via3l.eu\/lv\/wp-json\/wp\/v2\/media?parent=9155"}],"curies":[{"name":"wp","href":"https:\/\/api.w.org\/{rel}","templated":true}]}}