{"id":9163,"date":"2022-12-19T10:39:45","date_gmt":"2022-12-19T08:39:45","guid":{"rendered":"https:\/\/via3l.eu\/?page_id=9163"},"modified":"2023-09-25T09:25:42","modified_gmt":"2023-09-25T06:25:42","slug":"ieintereseto-personu-informesana","status":"publish","type":"page","link":"https:\/\/via3l.eu\/lv\/3pl-logistikas-pakalpojumi\/ieintereseto-personu-informesana\/","title":{"rendered":"Ieinteres\u0113to personu inform\u0113\u0161ana"},"content":{"rendered":"<div class=\"wpb-content-wrapper\"><p>[vc_row][vc_column][vc_custom_heading text=&#8221;IEINTERES\u0112TO PERSONU INFORM\u0100CIJA PAR UZ\u0145\u0112MUMA NOZ\u012aM\u012aGIEM VIDES ASPEKTIEM&#8221; font_container=&#8221;tag:h2|text_align:center&#8221; use_theme_fonts=&#8221;yes&#8221;][vc_column_text]<\/p>\n<p style=\"font-weight: 400;\">Interesentu inform\u0113\u0161ana par uz\u0146\u0113muma noz\u012bm\u012bgajiem vides aspektiem aptver \u0161\u0101das jomas<\/p>\n<p>[\/vc_column_text][vc_custom_heading text=&#8221;UZ\u0145\u0112MUMA ADMINISTR\u0112\u0160ANA UN INFRASTRUKT\u016aRAS VAD\u012aBA&#8221; font_container=&#8221;tag:h3|text_align:center&#8221; use_theme_fonts=&#8221;yes&#8221;][vc_column_text]<\/p>\n<ul>\n<li style=\"font-weight: 400;\">Saimniec\u012bba \u2013 apkure, dzes\u0113\u0161ana, apgaismojums, t\u012br\u012b\u0161ana, kait\u0113k\u013cu apkaro\u0161ana (kait\u012bgo vielu izpl\u016bde vid\u0113)<\/li>\n<li style=\"font-weight: 400;\">Tehnika, apr\u012bkojums, sakaru l\u012bdzek\u013ci, datoru aparat\u016bra, biroja preces u.c. (gaisa un augsnes pies\u0101r\u0146ojums, atkritumu nopl\u016bde vid\u0113)<\/li>\n<li style=\"font-weight: 400;\">Transports \u2013 transporta l\u012bdzek\u013cu emisijas, ce\u013cu satiksmes negad\u012bjumi (gaisa un augsnes pies\u0101r\u0146ojums)<\/li>\n<li style=\"font-weight: 400;\">Pap\u012bra dokumentu p\u0101rvald\u012bba (pap\u012bra atkritumu samazin\u0101\u0161ana, dabas resursu taup\u012b\u0161ana)<\/li>\n<li style=\"font-weight: 400;\">Elektroener\u0123ijas pat\u0113ri\u0146\u0161 (ener\u0123ijas taup\u012b\u0161ana)<\/li>\n<li style=\"font-weight: 400;\">Siltumener\u0123ijas pat\u0113ri\u0146\u0161 (ener\u0123ijas taup\u012b\u0161ana, gaisa pies\u0101r\u0146ojuma samazin\u0101\u0161ana)<\/li>\n<li style=\"font-weight: 400;\">Gaisa pies\u0101r\u0146ojums ugunsgr\u0113ka gad\u012bjum\u0101 \u0113k\u0101s, ma\u0161\u012bn\u0101s un iek\u0101rt\u0101s<\/li>\n<li style=\"font-weight: 400;\">B\u012bstamie atkritumi: \u0137\u012bmisk\u0101s vielas, baterijas, akumulatori, iepakojums, absorbentI u.c. (b\u012bstamo atkritumu nok\u013c\u016b\u0161ana vid\u0113, gaisa un augsnes pies\u0101r\u0146ojums)<\/li>\n<li style=\"font-weight: 400;\">Ikdienas atkritumi: tostarp pap\u012bra un kartona atkritumi un iepakojuma pl\u0113ves, citi sadz\u012bves atkritumi (atkritumu nok\u013c\u016b\u0161ana vid\u0113, gaisa un augsnes pies\u0101r\u0146ojums)<\/li>\n<li style=\"font-weight: 400;\">Elektroniskie atkritumi (atkritumu nok\u013c\u016b\u0161ana vid\u0113, gaisa un augsnes pies\u0101r\u0146ojums).<\/li>\n<\/ul>\n<p>[\/vc_column_text][vc_custom_heading text=&#8221;POZIT\u012aVIE ASPEKTI&#8221; font_container=&#8221;tag:h3|text_align:center&#8221; use_theme_fonts=&#8221;yes&#8221;][vc_column_text]<\/p>\n<ul>\n<li style=\"font-weight: 400;\">Bateriju un akumulatoru dal\u012bta sav\u0101k\u0161ana, p\u0101rstr\u0101de un re\u0123ener\u0101cija<\/li>\n<li style=\"font-weight: 400;\">Makulat\u016bras, kartona un iepakojuma pl\u0113ves atsevi\u0161\u0137a sav\u0101k\u0161ana, p\u0101rstr\u0101de un re\u0123ener\u0101cija<\/li>\n<li style=\"font-weight: 400;\">Elektronisko atkritumu dal\u012bta sav\u0101k\u0161ana, p\u0101rstr\u0101de un atk\u0101rtota izmanto\u0161ana<\/li>\n<\/ul>\n<p>[\/vc_column_text][vc_empty_space][vc_column_text]<\/p>\n<p style=\"font-weight: 400;\">Lai samazin\u0101tu m\u016bsu ietekmi uz vidi, ir svar\u012bgi \u0161os svar\u012bgos aspektus nodot ar\u012b m\u016bsu sadarb\u012bbas partneriem, k\u0101 m\u016bsu pakalpojuma lietot\u0101jam<\/p>\n<p style=\"font-weight: 400;\">M\u0113s inform\u0113jam savus klientus par b\u016btiskiem vides aspektiem, sl\u0113dzot l\u012bgumus, k\u0101 ar\u012b inform\u0113jam sabiedr\u012bbu m\u016bsu uz\u0146\u0113muma m\u0101jas lap\u0101.<\/p>\n<p>[\/vc_column_text][\/vc_column][\/vc_row]<\/p>\n<\/div>","protected":false},"excerpt":{"rendered":"<p>[vc_row][vc_column][vc_custom_heading text=&#8221;IEINTERES\u0112TO PERSONU INFORM\u0100CIJA PAR UZ\u0145\u0112MUMA NOZ\u012aM\u012aGIEM VIDES ASPEKTIEM&#8221; font_container=&#8221;tag:h2|text_align:center&#8221; use_theme_fonts=&#8221;yes&#8221;][vc_column_text] Interesentu inform\u0113\u0161ana par uz\u0146\u0113muma noz\u012bm\u012bgajiem vides aspektiem aptver \u0161\u0101das jomas [\/vc_column_text][vc_custom_heading text=&#8221;UZ\u0145\u0112MUMA ADMINISTR\u0112\u0160ANA UN INFRASTRUKT\u016aRAS VAD\u012aBA&#8221; font_container=&#8221;tag:h3|text_align:center&#8221; use_theme_fonts=&#8221;yes&#8221;][vc_column_text] Saimniec\u012bba \u2013 apkure, dzes\u0113\u0161ana,&#8230;<\/p>\n","protected":false},"author":2,"featured_media":8314,"parent":3921,"menu_order":4,"comment_status":"closed","ping_status":"closed","template":"","meta":{"footnotes":""},"class_list":["post-9163","page","type-page","status-publish","has-post-thumbnail","hentry"],"_links":{"self":[{"href":"https:\/\/via3l.eu\/lv\/wp-json\/wp\/v2\/pages\/9163","targetHints":{"allow":["GET"]}}],"collection":[{"href":"https:\/\/via3l.eu\/lv\/wp-json\/wp\/v2\/pages"}],"about":[{"href":"https:\/\/via3l.eu\/lv\/wp-json\/wp\/v2\/types\/page"}],"author":[{"embeddable":true,"href":"https:\/\/via3l.eu\/lv\/wp-json\/wp\/v2\/users\/2"}],"replies":[{"embeddable":true,"href":"https:\/\/via3l.eu\/lv\/wp-json\/wp\/v2\/comments?post=9163"}],"version-history":[{"count":0,"href":"https:\/\/via3l.eu\/lv\/wp-json\/wp\/v2\/pages\/9163\/revisions"}],"up":[{"embeddable":true,"href":"https:\/\/via3l.eu\/lv\/wp-json\/wp\/v2\/pages\/3921"}],"wp:featuredmedia":[{"embeddable":true,"href":"https:\/\/via3l.eu\/lv\/wp-json\/wp\/v2\/media\/8314"}],"wp:attachment":[{"href":"https:\/\/via3l.eu\/lv\/wp-json\/wp\/v2\/media?parent=9163"}],"curies":[{"name":"wp","href":"https:\/\/api.w.org\/{rel}","templated":true}]}}