{"id":9420,"date":"2023-02-02T11:19:43","date_gmt":"2023-02-02T09:19:43","guid":{"rendered":"https:\/\/via3l.eu\/logistikas-pakalpojumu\/it-pakalpojumi\/"},"modified":"2024-06-28T08:29:55","modified_gmt":"2024-06-28T05:29:55","slug":"it-nodrosinajums","status":"publish","type":"page","link":"https:\/\/via3l.eu\/lv\/it-nodrosinajums\/","title":{"rendered":"IT nodro\u0161in\u0101jums"},"content":{"rendered":"<div class=\"wpb-content-wrapper\"><p>[vc_row][vc_column][vc_custom_heading text=&#8221;IT NODRO\u0160IN\u0100JUMS jeb ELEKTRONISK\u0100 INFORM\u0100CIJAS APMAI\u0145A&#8221; font_container=&#8221;tag:h1|text_align:center&#8221; use_theme_fonts=&#8221;yes&#8221; css=&#8221;&#8221;][vc_empty_space][\/vc_column][\/vc_row][vc_row equal_height=&#8221;yes&#8221; css=&#8221;.vc_custom_1674404663604{background-position: center !important;background-repeat: no-repeat !important;background-size: cover !important;}&#8221;][vc_column width=&#8221;1\/2&#8243;][vc_column_text css=&#8221;&#8221;]IT nodro\u0161in\u0101jums efekt\u012bvai sadarb\u012bbai:<\/p>\n<ul>\n<li class=\"m_-7621031581430791460MsoListParagraph\"><span lang=\"ET\">EDI (elektronisk\u0101 datu apmai\u0146a) datu apmai\u0146a gan ar 2Doc, gan ar 4Doc sh\u0113m\u0101m<u><\/u><u><\/u><\/span><\/li>\n<li class=\"m_-7621031581430791460MsoListParagraph\"><span lang=\"ET\">E-r\u0113\u0137ini (elektroniskie r\u0113\u0137ini, pirk\u0161anas un p\u0101rdo\u0161anas pas\u016bt\u012bjumi, pre\u010du atgrie\u0161ana utt.)<u><\/u><u><\/u><\/span><\/li>\n<li class=\"m_-7621031581430791460MsoListParagraph\"><span lang=\"ET\">B2B klientiem piel\u0101goti risin\u0101jumi<u><\/u><u><\/u><\/span><\/li>\n<li class=\"m_-7621031581430791460MsoListParagraph\"><span lang=\"ET\">Biznesa anal\u012btika<\/span><\/li>\n<\/ul>\n<p>[\/vc_column_text][vc_empty_space][\/vc_column][vc_column width=&#8221;1\/2&#8243;][\/vc_column][\/vc_row][vc_row css=&#8221;.vc_custom_1575466977698{background-position: center !important;background-repeat: no-repeat !important;background-size: cover !important;}&#8221;][vc_column width=&#8221;1\/2&#8243;][vc_column_text]M\u0113s nodro\u0161in\u0101m iesp\u0113ju sadarboties ar \u013coti pla\u0161u EDI un citu digit\u0101lo pakalpojumu sniedz\u0113ju spektru, tostarp: <a href=\"https:\/\/telema.ee\/\" target=\"_blank\" rel=\"noopener noreferrer nofollow\">Telema<\/a>, <a href=\"https:\/\/www.unifiedpost.com\/en\" target=\"_blank\" rel=\"noopener noreferrer nofollow\">Unifiedpost<\/a>, <a href=\"https:\/\/edisoft.io\/en\" target=\"_blank\" rel=\"noopener noreferrer nofollow\">Edisoft<\/a>, <a href=\"https:\/\/docura.net\/?lang=en\" target=\"_blank\" rel=\"noopener noreferrer nofollow\">Docura<\/a>, <a href=\"https:\/\/navirec.com\/en\/\" target=\"_blank\" rel=\"noopener noreferrer nofollow\">Navirec<\/a>, <a href=\"https:\/\/planlogi.ee\/index.html\" target=\"_blank\" rel=\"noopener noreferrer nofollow\">Planlogi<\/a>, <a href=\"https:\/\/www.cargoson.com\/en\/\" target=\"_blank\" rel=\"noopener noreferrer nofollow\">Cargoson<\/a> . Visu inform\u0101cijas apmai\u0146u varam veikt digit\u0101l\u0101 veid\u0101. Nepiecie\u0161am\u012bbas gad\u012bjum\u0101, sniedzam aktu\u0101los un statistikas datus par pas\u016bt\u012bjumu apstr\u0101di, r\u0113\u0137inu izrakst\u012b\u0161anu un pre\u010du pl\u016bsmu. Visu inform\u0101cijas apmai\u0146u varam veikt digit\u0101l\u0101 veid\u0101. Nepiecie\u0161am\u012bbas gad\u012bjum\u0101, sniedzam aktu\u0101los un statistikas datus par pas\u016bt\u012bjumu apstr\u0101di, r\u0113\u0137inu izrakst\u012b\u0161anu un pre\u010du pl\u016bsmu. M\u0113s atrad\u012bsim piem\u0113rotus risin\u0101jumus atbilsto\u0161i j\u016bsu vajadz\u012bb\u0101m un iesp\u0113j\u0101m.<\/p>\n<p>J\u016bsu biznesa anal\u012btikai m\u0113s pied\u0101v\u0101jam <a href=\"https:\/\/powerbi.microsoft.com\/en-us\/\" target=\"_blank\" rel=\"noopener noreferrer nofollow\">Power BI<\/a> un <a href=\"https:\/\/www.qlik.com\/us\/\" target=\"_blank\" rel=\"noopener noreferrer nofollow\">QlikView<\/a> risin\u0101jumus.<\/p>\n<p>E-veikalu vajadz\u012bb\u0101m mums ir iesp\u0113jama autom\u0101tiska failu XML,JSON atjauno\u0161ana &#8211; Magento (<a href=\"https:\/\/business.adobe.com\/products\/magento\/magento-commerce.html\" target=\"_blank\" rel=\"noopener noreferrer nofollow\">Adobe Commerce<\/a>)[\/vc_column_text][\/vc_column][vc_column width=&#8221;1\/2&#8243;][vc_single_image image=&#8221;5305&#8243; img_size=&#8221;large&#8221; css=&#8221;.vc_custom_1674403239429{background-position: center !important;background-repeat: no-repeat !important;background-size: cover !important;}&#8221;][\/vc_column][\/vc_row][vc_row css=&#8221;.vc_custom_1575469658349{padding-top: 32px !important;}&#8221;][vc_column][vc_separator border_width=&#8221;2&#8243; css=&#8221;.vc_custom_1575469587644{padding-top: 10px !important;padding-bottom: 10px !important;}&#8221;][\/vc_column][\/vc_row][vc_row content_placement=&#8221;middle&#8221;][vc_column][vc_separator border_width=&#8221;2&#8243; css=&#8221;.vc_custom_1575469602785{padding-top: 10px !important;padding-bottom: 10px !important;}&#8221;][vc_custom_heading text=&#8221;Piepras\u012bt cenu&#8221; font_container=&#8221;tag:h2|text_align:center&#8221; use_theme_fonts=&#8221;yes&#8221; css=&#8221;&#8221; link=&#8221;url:https%3A%2F%2Fvia3l.eu%2Flv%2Fpieprasit-cenu%2F&#8221;][vc_empty_space][vc_separator border_width=&#8221;2&#8243; css=&#8221;.vc_custom_1575469636528{padding-top: 10px !important;padding-bottom: 10px !important;}&#8221;][\/vc_column][\/vc_row]<\/p>\n<\/div>","protected":false},"excerpt":{"rendered":"<p>[vc_row][vc_column][vc_custom_heading text=&#8221;IT NODRO\u0160IN\u0100JUMS jeb ELEKTRONISK\u0100 INFORM\u0100CIJAS APMAI\u0145A&#8221; font_container=&#8221;tag:h1|text_align:center&#8221; use_theme_fonts=&#8221;yes&#8221; css=&#8221;&#8221;][vc_empty_space][\/vc_column][\/vc_row][vc_row equal_height=&#8221;yes&#8221; css=&#8221;.vc_custom_1674404663604{background-position: center !important;background-repeat: no-repeat !important;background-size: cover !important;}&#8221;][vc_column width=&#8221;1\/2&#8243;][vc_column_text css=&#8221;&#8221;]IT nodro\u0161in\u0101jums efekt\u012bvai sadarb\u012bbai: EDI (elektronisk\u0101 datu apmai\u0146a) datu apmai\u0146a gan ar 2Doc, gan&#8230;<\/p>\n","protected":false},"author":2,"featured_media":0,"parent":0,"menu_order":0,"comment_status":"closed","ping_status":"closed","template":"","meta":{"footnotes":""},"class_list":["post-9420","page","type-page","status-publish","hentry"],"_links":{"self":[{"href":"https:\/\/via3l.eu\/lv\/wp-json\/wp\/v2\/pages\/9420","targetHints":{"allow":["GET"]}}],"collection":[{"href":"https:\/\/via3l.eu\/lv\/wp-json\/wp\/v2\/pages"}],"about":[{"href":"https:\/\/via3l.eu\/lv\/wp-json\/wp\/v2\/types\/page"}],"author":[{"embeddable":true,"href":"https:\/\/via3l.eu\/lv\/wp-json\/wp\/v2\/users\/2"}],"replies":[{"embeddable":true,"href":"https:\/\/via3l.eu\/lv\/wp-json\/wp\/v2\/comments?post=9420"}],"version-history":[{"count":0,"href":"https:\/\/via3l.eu\/lv\/wp-json\/wp\/v2\/pages\/9420\/revisions"}],"wp:attachment":[{"href":"https:\/\/via3l.eu\/lv\/wp-json\/wp\/v2\/media?parent=9420"}],"curies":[{"name":"wp","href":"https:\/\/api.w.org\/{rel}","templated":true}]}}